{"id":14,"date":"2021-03-22T19:08:39","date_gmt":"2021-03-22T18:08:39","guid":{"rendered":"https:\/\/www.gut-hornegg.at\/onlineshop\/widerrufsbelehrung\/"},"modified":"2021-10-29T10:14:45","modified_gmt":"2021-10-29T08:14:45","slug":"widerrufsbelehrung","status":"publish","type":"page","link":"https:\/\/www.gut-hornegg.at\/onlineshop\/widerrufsbelehrung\/","title":{"rendered":"Widerrufsbelehrung"},"content":{"rendered":"<h2>Widerrufsrecht<\/h2>\n<p>Sie k\u00f6nnen Ihre Vertragserkl\u00e4rung innerhalb von\u00a014\u00a0Tagen\u00a0ab Erhalt der Ware\u00a0ohne Angabe von Gr\u00fcnden in Textform (z. B. Brief, Fax, E-Mail) widerrufen. Zur Wahrung der Widerrufsfrist gen\u00fcgt die rechtzeitige Absendung des Widerrufs.<\/p>\n<p>Massanfertigungen sowie Waren, die zu einem reduzierten Preis gekauft wurden, sind von Umtausch und R\u00fcckgabe ausgenommen.<\/p>\n<p>Der Widerruf ist zu richten an:<\/p>\n<p><a href=\"https:\/\/www.gut-hornegg.at\/biofisch\/heinrich-holler\/\">Heinrich Holler<\/a>, Fischereimeister<br \/>\nSchloss Hornegg 1<br \/>\n8504 Preding<br \/>\n\u00d6sterreich<\/p>\n<h2>Widerrufsfolgen<\/h2>\n<p>Bei Aus\u00fcbung des Widerrufsrechtes m\u00fcssen Sie binnen 30 Tagen die erhaltene Lieferung auf Ihre Kosten an<\/p>\n<p><a href=\"https:\/\/www.gut-hornegg.at\/biofisch\/heinrich-holler\/\">Heinrich Holler<\/a>, Fischereimeister<br \/>\nSchloss Hornegg 1<br \/>\n8504 Preding<br \/>\n\u00d6sterreich<\/p>\n<p>zur\u00fcckschicken. Sie erhalten den Kaufpreis, nicht aber die Versandkosten zur\u00fcck. Wenn Sie die Schuhe bereits getragen haben, wird ein angemessener Abzug vom zur\u00fcckzuerstattenden Kaufpreis gemacht.<\/p>\n<h2>Bestellnummer<\/h2>\n<p>Um eine reibungsfreie Abwicklung Ihrer R\u00fccksendung gew\u00e4hrleisten und den Retouren-Abwicklungsprozess beschleunigen zu k\u00f6nnen, ist es ratsam, bei einer R\u00fccksendung Ihres Paketes, dieses mit der Bestellnummer des Kaufvorganges zu versehen. Aufgrund der Bestellnummer wird ein reibungsloser Ablauf des R\u00fccksendeprozesses m\u00f6glich.<\/p>\n","protected":false},"excerpt":{"rendered":"<p>Widerrufsrecht Sie k\u00f6nnen Ihre Vertragserkl\u00e4rung innerhalb von\u00a014\u00a0Tagen\u00a0ab Erhalt der Ware\u00a0ohne Angabe von Gr\u00fcnden in Textform (z. B. Brief, Fax, E-Mail) widerrufen. Zur Wahrung der Widerrufsfrist gen\u00fcgt die rechtzeitige Absendung des Widerrufs. Massanfertigungen sowie Waren, die zu einem reduzierten Preis gekauft wurden, sind von Umtausch und R\u00fcckgabe ausgenommen. Der Widerruf ist zu richten an: Heinrich Holler, <a href=\"https:\/\/www.gut-hornegg.at\/onlineshop\/widerrufsbelehrung\/\" class=\"read-more inline\" title=\"Read More\">Read More<\/a><\/p>\n","protected":false},"author":1,"featured_media":0,"parent":0,"menu_order":0,"comment_status":"closed","ping_status":"closed","template":"","meta":{"footnotes":""},"class_list":["post-14","page","type-page","status-publish","hentry"],"_links":{"self":[{"href":"https:\/\/www.gut-hornegg.at\/onlineshop\/wp-json\/wp\/v2\/pages\/14","targetHints":{"allow":["GET"]}}],"collection":[{"href":"https:\/\/www.gut-hornegg.at\/onlineshop\/wp-json\/wp\/v2\/pages"}],"about":[{"href":"https:\/\/www.gut-hornegg.at\/onlineshop\/wp-json\/wp\/v2\/types\/page"}],"author":[{"embeddable":true,"href":"https:\/\/www.gut-hornegg.at\/onlineshop\/wp-json\/wp\/v2\/users\/1"}],"replies":[{"embeddable":true,"href":"https:\/\/www.gut-hornegg.at\/onlineshop\/wp-json\/wp\/v2\/comments?post=14"}],"version-history":[{"count":2,"href":"https:\/\/www.gut-hornegg.at\/onlineshop\/wp-json\/wp\/v2\/pages\/14\/revisions"}],"predecessor-version":[{"id":348,"href":"https:\/\/www.gut-hornegg.at\/onlineshop\/wp-json\/wp\/v2\/pages\/14\/revisions\/348"}],"wp:attachment":[{"href":"https:\/\/www.gut-hornegg.at\/onlineshop\/wp-json\/wp\/v2\/media?parent=14"}],"curies":[{"name":"wp","href":"https:\/\/api.w.org\/{rel}","templated":true}]}}