{"id":15,"date":"2021-03-22T19:08:39","date_gmt":"2021-03-22T18:08:39","guid":{"rendered":"https:\/\/www.gut-hornegg.at\/onlineshop\/versandarten\/"},"modified":"2025-12-16T08:31:02","modified_gmt":"2025-12-16T07:31:02","slug":"versandarten","status":"publish","type":"page","link":"https:\/\/www.gut-hornegg.at\/onlineshop\/versandarten\/","title":{"rendered":"Versandinformationen"},"content":{"rendered":"\n<p><em>Frischfisch OVER NIGHT in ganz \u00d6sterreich<\/em> <sub>(S\u00fcddeutschland nur noch f\u00fcr Stammkunden)<\/sub><\/p>\n\n\n\n<ul class=\"wp-block-list\">\n<li><strong>Versandsaison von Allerheiligen bis Ostern<\/strong><\/li>\n\n\n\n<li><strong>Lieferung<\/strong>: Freitag zwischen 7:00 und 13:00<\/li>\n\n\n\n<li><strong>Bestellschluss<\/strong>: Dienstag um 18:00 (<small class=\"\">Sp\u00e4tere Bestellungen k\u00f6nnen unter Umst\u00e4nden erst in der Folgewoche ber\u00fccksichtigt werden.<\/small>)<\/li>\n<\/ul>\n\n\n\n<ul class=\"wp-block-list\">\n<li><strong>Mindestbestellmenge<\/strong> von \u20ac 80,-<\/li>\n\n\n\n<li><strong>Paket: <\/strong>35 x 34 x 16 cm \/ 3-5 kg F\u00fcllmenge<\/li>\n<\/ul>\n\n\n\n<ul class=\"wp-block-list\">\n<li><strong>Versandkosten<\/strong>: Pro Fischkisterl betragen die Versandkosten 9,- Euro.<br>Jedes weitere Fischkisterl am gleiche Tag an die selbe Adresse kostet 4,- Euro.<\/li>\n<\/ul>\n\n\n\n<p><\/p>\n","protected":false},"excerpt":{"rendered":"<p>Frischfisch OVER NIGHT in ganz \u00d6sterreich (S\u00fcddeutschland nur noch f\u00fcr Stammkunden)<\/p>\n","protected":false},"author":1,"featured_media":0,"parent":0,"menu_order":0,"comment_status":"closed","ping_status":"closed","template":"","meta":{"footnotes":""},"class_list":["post-15","page","type-page","status-publish","hentry"],"_links":{"self":[{"href":"https:\/\/www.gut-hornegg.at\/onlineshop\/wp-json\/wp\/v2\/pages\/15","targetHints":{"allow":["GET"]}}],"collection":[{"href":"https:\/\/www.gut-hornegg.at\/onlineshop\/wp-json\/wp\/v2\/pages"}],"about":[{"href":"https:\/\/www.gut-hornegg.at\/onlineshop\/wp-json\/wp\/v2\/types\/page"}],"author":[{"embeddable":true,"href":"https:\/\/www.gut-hornegg.at\/onlineshop\/wp-json\/wp\/v2\/users\/1"}],"replies":[{"embeddable":true,"href":"https:\/\/www.gut-hornegg.at\/onlineshop\/wp-json\/wp\/v2\/comments?post=15"}],"version-history":[{"count":10,"href":"https:\/\/www.gut-hornegg.at\/onlineshop\/wp-json\/wp\/v2\/pages\/15\/revisions"}],"predecessor-version":[{"id":1064,"href":"https:\/\/www.gut-hornegg.at\/onlineshop\/wp-json\/wp\/v2\/pages\/15\/revisions\/1064"}],"wp:attachment":[{"href":"https:\/\/www.gut-hornegg.at\/onlineshop\/wp-json\/wp\/v2\/media?parent=15"}],"curies":[{"name":"wp","href":"https:\/\/api.w.org\/{rel}","templated":true}]}}