{"id":204,"date":"2021-10-27T15:19:38","date_gmt":"2021-10-27T13:19:38","guid":{"rendered":"https:\/\/www.gut-hornegg.at\/onlineshop\/?post_type=product&#038;p=204"},"modified":"2026-01-25T13:37:47","modified_gmt":"2026-01-25T12:37:47","slug":"giebelfilet","status":"publish","type":"product","link":"https:\/\/www.gut-hornegg.at\/onlineshop\/produkt\/giebelfilet\/","title":{"rendered":"Giebelfilet"},"content":{"rendered":"<p><strong>Biss und Geschmack<\/strong>: M\u00fcrbes, samtiges Fleisch. Pilzartige, s\u00fc\u00dfliche Fischaromen mit den Assoziationen von Parasol und Crevetten. Die Filets sind ganz d\u00fcnn und werden daher beim Braten besonders knusprig.<br \/>\n<strong>SAISON<\/strong>: Oktober bis April<\/p>\n<hr \/>\n<p><small class=\"\">&gt;)))&gt; Durch das Schr\u00f6pfen sind die Gr\u00e4ten nicht sp\u00fcrbar<\/small><br \/>\n<small class=\"\"> ***\u00a0\u00a0\u00a0 Vakuumiert und sofort gefrostet 3 Monate ohne Qualit\u00e4tsverlust<\/small><\/p>\n<hr \/>\n<p>Ein <a href=\"https:\/\/www.gut-hornegg.at\/biofisch\/kochrezepte\/giebel-mit-sommerlichem-tomaten-concassee\/\">Rezept<\/a> aus unserem Fischkochbuch als Anregung<br \/>\nDer Fisch wird oft auch als Karausche (richtigerweise Silberkarausche) bezeichnet.<\/p>\n","protected":false},"excerpt":{"rendered":"<p>Biss und Geschmack: M\u00fcrbes, samtiges Fleisch. Pilzartige, s\u00fc\u00dfliche Fischaromen mit den Assoziationen von Parasol und Crevetten. Die Filets sind ganz d\u00fcnn und werden daher beim Braten besonders knusprig. SAISON: Oktober bis April &gt;)))&gt; Durch das Schr\u00f6pfen sind die Gr\u00e4ten nicht sp\u00fcrbar ***\u00a0\u00a0\u00a0 Vakuumiert und sofort gefrostet 3 Monate ohne Qualit\u00e4tsverlust Ein Rezept aus unserem Fischkochbuch <a href=\"https:\/\/www.gut-hornegg.at\/onlineshop\/produkt\/giebelfilet\/\" class=\"read-more inline\" title=\"Read More\">Read More<\/a><\/p>\n","protected":false},"featured_media":115,"template":"","meta":[],"product_brand":[],"product_cat":[15],"product_tag":[54],"class_list":{"0":"post-204","1":"product","2":"type-product","3":"status-publish","4":"has-post-thumbnail","6":"product_cat-biofisch","7":"product_tag-giebel","9":"first","10":"outofstock","11":"taxable","12":"shipping-taxable","13":"purchasable","14":"product-type-variable"},"_links":{"self":[{"href":"https:\/\/www.gut-hornegg.at\/onlineshop\/wp-json\/wp\/v2\/product\/204","targetHints":{"allow":["GET"]}}],"collection":[{"href":"https:\/\/www.gut-hornegg.at\/onlineshop\/wp-json\/wp\/v2\/product"}],"about":[{"href":"https:\/\/www.gut-hornegg.at\/onlineshop\/wp-json\/wp\/v2\/types\/product"}],"wp:featuredmedia":[{"embeddable":true,"href":"https:\/\/www.gut-hornegg.at\/onlineshop\/wp-json\/wp\/v2\/media\/115"}],"wp:attachment":[{"href":"https:\/\/www.gut-hornegg.at\/onlineshop\/wp-json\/wp\/v2\/media?parent=204"}],"wp:term":[{"taxonomy":"product_brand","embeddable":true,"href":"https:\/\/www.gut-hornegg.at\/onlineshop\/wp-json\/wp\/v2\/product_brand?post=204"},{"taxonomy":"product_cat","embeddable":true,"href":"https:\/\/www.gut-hornegg.at\/onlineshop\/wp-json\/wp\/v2\/product_cat?post=204"},{"taxonomy":"product_tag","embeddable":true,"href":"https:\/\/www.gut-hornegg.at\/onlineshop\/wp-json\/wp\/v2\/product_tag?post=204"}],"curies":[{"name":"wp","href":"https:\/\/api.w.org\/{rel}","templated":true}]}}