{"id":220,"date":"2021-10-27T18:47:37","date_gmt":"2021-10-27T16:47:37","guid":{"rendered":"https:\/\/www.gut-hornegg.at\/onlineshop\/?post_type=product&#038;p=220"},"modified":"2026-01-25T13:35:34","modified_gmt":"2026-01-25T12:35:34","slug":"karpfensuelzchen","status":"publish","type":"product","link":"https:\/\/www.gut-hornegg.at\/onlineshop\/produkt\/karpfensuelzchen\/","title":{"rendered":"Karpfens\u00fclzchen"},"content":{"rendered":"<div id=\"fischdetail341\" class=\"card-section\">\n<p><strong>Tipp<\/strong>: Mit Sauce Vinaigrette oder Kern\u00f6l und Balsamico servieren<br \/>\n<strong>Menge<\/strong>: 160 g &#8211; Vorspeise f\u00fcr 6 Personen<br \/>\n<strong>SAISON<\/strong>: November bis April<\/p>\n<hr \/>\n<p><small class=\"\">&gt;)))&gt; Gr\u00e4ten nicht sp\u00fcrbar<br \/>\n***\u00a0\u00a0 zum Frosten nicht geeignet<\/small><\/p>\n<p class=\"ingredients\"><strong>Karpfenfilet<\/strong>*(50%), Karotten*, <strong>Sellerie<\/strong>, gelbe R\u00fcben*, Salz, Gew\u00fcrze, Biogelatine* vom Schwein, <strong>Fischfond<\/strong>*\u00a0 (<strong>Karpfenkarkassen<\/strong>*, Wasser, Chilli*, Salz, <strong>Sellerie<\/strong>*, Karotte*,\u00a0 Lorbeer*,\u00a0 Wacholder*) (*=BIO)<\/p>\n<\/div>\n","protected":false},"excerpt":{"rendered":"<p>Tipp: Mit Sauce Vinaigrette oder Kern\u00f6l und Balsamico servieren Menge: 160 g &#8211; Vorspeise f\u00fcr 6 Personen SAISON: November bis April &gt;)))&gt; Gr\u00e4ten nicht sp\u00fcrbar ***\u00a0\u00a0 zum Frosten nicht geeignet Karpfenfilet*(50%), Karotten*, Sellerie, gelbe R\u00fcben*, Salz, Gew\u00fcrze, Biogelatine* vom Schwein, Fischfond*\u00a0 (Karpfenkarkassen*, Wasser, Chilli*, Salz, Sellerie*, Karotte*,\u00a0 Lorbeer*,\u00a0 Wacholder*) (*=BIO)<\/p>\n","protected":false},"featured_media":237,"template":"","meta":[],"product_brand":[],"product_cat":[15],"product_tag":[19],"class_list":{"0":"post-220","1":"product","2":"type-product","3":"status-publish","4":"has-post-thumbnail","6":"product_cat-biofisch","7":"product_tag-karpfen","9":"first","10":"outofstock","11":"taxable","12":"shipping-taxable","13":"purchasable","14":"product-type-simple"},"_links":{"self":[{"href":"https:\/\/www.gut-hornegg.at\/onlineshop\/wp-json\/wp\/v2\/product\/220","targetHints":{"allow":["GET"]}}],"collection":[{"href":"https:\/\/www.gut-hornegg.at\/onlineshop\/wp-json\/wp\/v2\/product"}],"about":[{"href":"https:\/\/www.gut-hornegg.at\/onlineshop\/wp-json\/wp\/v2\/types\/product"}],"wp:featuredmedia":[{"embeddable":true,"href":"https:\/\/www.gut-hornegg.at\/onlineshop\/wp-json\/wp\/v2\/media\/237"}],"wp:attachment":[{"href":"https:\/\/www.gut-hornegg.at\/onlineshop\/wp-json\/wp\/v2\/media?parent=220"}],"wp:term":[{"taxonomy":"product_brand","embeddable":true,"href":"https:\/\/www.gut-hornegg.at\/onlineshop\/wp-json\/wp\/v2\/product_brand?post=220"},{"taxonomy":"product_cat","embeddable":true,"href":"https:\/\/www.gut-hornegg.at\/onlineshop\/wp-json\/wp\/v2\/product_cat?post=220"},{"taxonomy":"product_tag","embeddable":true,"href":"https:\/\/www.gut-hornegg.at\/onlineshop\/wp-json\/wp\/v2\/product_tag?post=220"}],"curies":[{"name":"wp","href":"https:\/\/api.w.org\/{rel}","templated":true}]}}