{"id":222,"date":"2021-10-27T18:42:41","date_gmt":"2021-10-27T16:42:41","guid":{"rendered":"https:\/\/www.gut-hornegg.at\/onlineshop\/?post_type=product&#038;p=222"},"modified":"2026-01-25T13:36:05","modified_gmt":"2026-01-25T12:36:05","slug":"karpfen-linsen-salat","status":"publish","type":"product","link":"https:\/\/www.gut-hornegg.at\/onlineshop\/produkt\/karpfen-linsen-salat\/","title":{"rendered":"Karpfen Linsensalat"},"content":{"rendered":"<div id=\"fischdetail328\" class=\"card-section\">\n<p>Die Linsen, der Wacholder und der Fisch sind eine unwiderstehliche Kombination.<\/p>\n<p><strong>Tipp<\/strong>: Mit einem Schuss Kern\u00f6l verfeinern.<br \/>\n<strong>Menge<\/strong>: 220 g &#8211; das ergibt eine Vorspeise f\u00fcr drei bis vier Personen<br \/>\n<strong>SAISON<\/strong>: November bis April<\/p>\n<hr \/>\n<p><small class=\"\">&gt;)))&gt; gr\u00e4tenfrei<\/small><br \/>\n<small class=\"\"> *** zum Frosten nicht geeignet<\/small><\/p>\n<p class=\"ingredients\"><strong>Karpfenfilet<\/strong>* (50%), Berglinsen (45%)*, Oliven\u00f6l*, <strong>Weinessig<\/strong>*, <strong>Senfk\u00f6rner<\/strong>*, Salz, Wacholder*, Lorbeer*, Thymian* (*=BIO)<\/p>\n<\/div>\n","protected":false},"excerpt":{"rendered":"<p>Die Linsen, der Wacholder und der Fisch sind eine unwiderstehliche Kombination. Tipp: Mit einem Schuss Kern\u00f6l verfeinern. Menge: 220 g &#8211; das ergibt eine Vorspeise f\u00fcr drei bis vier Personen SAISON: November bis April &gt;)))&gt; gr\u00e4tenfrei *** zum Frosten nicht geeignet Karpfenfilet* (50%), Berglinsen (45%)*, Oliven\u00f6l*, Weinessig*, Senfk\u00f6rner*, Salz, Wacholder*, Lorbeer*, Thymian* (*=BIO)<\/p>\n","protected":false},"featured_media":235,"template":"","meta":[],"product_brand":[],"product_cat":[15],"product_tag":[19],"class_list":{"0":"post-222","1":"product","2":"type-product","3":"status-publish","4":"has-post-thumbnail","6":"product_cat-biofisch","7":"product_tag-karpfen","9":"first","10":"outofstock","11":"taxable","12":"shipping-taxable","13":"purchasable","14":"product-type-simple"},"_links":{"self":[{"href":"https:\/\/www.gut-hornegg.at\/onlineshop\/wp-json\/wp\/v2\/product\/222","targetHints":{"allow":["GET"]}}],"collection":[{"href":"https:\/\/www.gut-hornegg.at\/onlineshop\/wp-json\/wp\/v2\/product"}],"about":[{"href":"https:\/\/www.gut-hornegg.at\/onlineshop\/wp-json\/wp\/v2\/types\/product"}],"wp:featuredmedia":[{"embeddable":true,"href":"https:\/\/www.gut-hornegg.at\/onlineshop\/wp-json\/wp\/v2\/media\/235"}],"wp:attachment":[{"href":"https:\/\/www.gut-hornegg.at\/onlineshop\/wp-json\/wp\/v2\/media?parent=222"}],"wp:term":[{"taxonomy":"product_brand","embeddable":true,"href":"https:\/\/www.gut-hornegg.at\/onlineshop\/wp-json\/wp\/v2\/product_brand?post=222"},{"taxonomy":"product_cat","embeddable":true,"href":"https:\/\/www.gut-hornegg.at\/onlineshop\/wp-json\/wp\/v2\/product_cat?post=222"},{"taxonomy":"product_tag","embeddable":true,"href":"https:\/\/www.gut-hornegg.at\/onlineshop\/wp-json\/wp\/v2\/product_tag?post=222"}],"curies":[{"name":"wp","href":"https:\/\/api.w.org\/{rel}","templated":true}]}}