{"id":224,"date":"2021-10-27T18:34:11","date_gmt":"2021-10-27T16:34:11","guid":{"rendered":"https:\/\/www.gut-hornegg.at\/onlineshop\/?post_type=product&#038;p=224"},"modified":"2026-01-25T13:36:38","modified_gmt":"2026-01-25T12:36:38","slug":"taramas-fischaufstrich","status":"publish","type":"product","link":"https:\/\/www.gut-hornegg.at\/onlineshop\/produkt\/taramas-fischaufstrich\/","title":{"rendered":"Taramas Fischaufstrich"},"content":{"rendered":"<div id=\"fischdetail586\" class=\"card-section\">\n<p>Taramas ist ein Fischaufstrich aus Kaviar, der im gesamten Mittelmeerraum bekannt ist.<\/p>\n<p><strong>Tipp<\/strong>: K\u00f6stlich auf Wei\u00dfbrot mit Zitrone. Zu Frizzante sind die Br\u00f6tchen ein eleganter Appetizer.<br \/>\n<strong>Menge<\/strong>: 120 g<br \/>\n<strong>SAISON<\/strong>: November bis April<\/p>\n<hr \/>\n<p><small class=\"\">&gt;)))&gt; gr\u00e4tenfrei<\/small><br \/>\n<small class=\"\"> ***\u00a0\u00a0 zum Frosten nicht geeignet<\/small><\/p>\n<p class=\"ingredients\"><strong>Fischrogen<\/strong> ger\u00e4uchert* (70%), <strong>Kn\u00f6delbrot<\/strong>* (<strong>Weizenmehl<\/strong>*, Wasser, Salz) Oliven\u00f6l*, <strong>Fond<\/strong>* (Karotten*, <strong>Sellerie<\/strong>*), Schweinegelatine*, Petersilie*, Zitrone*, Salz, Pfeffer*, Paprikapulver* (*=BIO)<\/p>\n<\/div>\n","protected":false},"excerpt":{"rendered":"<p>Taramas ist ein Fischaufstrich aus Kaviar, der im gesamten Mittelmeerraum bekannt ist. Tipp: K\u00f6stlich auf Wei\u00dfbrot mit Zitrone. Zu Frizzante sind die Br\u00f6tchen ein eleganter Appetizer. Menge: 120 g SAISON: November bis April &gt;)))&gt; gr\u00e4tenfrei ***\u00a0\u00a0 zum Frosten nicht geeignet Fischrogen ger\u00e4uchert* (70%), Kn\u00f6delbrot* (Weizenmehl*, Wasser, Salz) Oliven\u00f6l*, Fond* (Karotten*, Sellerie*), Schweinegelatine*, Petersilie*, Zitrone*, Salz, <a href=\"https:\/\/www.gut-hornegg.at\/onlineshop\/produkt\/taramas-fischaufstrich\/\" class=\"read-more inline\" title=\"Read More\">Read More<\/a><\/p>\n","protected":false},"featured_media":233,"template":"","meta":[],"product_brand":[],"product_cat":[15],"product_tag":[19],"class_list":{"0":"post-224","1":"product","2":"type-product","3":"status-publish","4":"has-post-thumbnail","6":"product_cat-biofisch","7":"product_tag-karpfen","9":"first","10":"outofstock","11":"taxable","12":"shipping-taxable","13":"purchasable","14":"product-type-simple"},"_links":{"self":[{"href":"https:\/\/www.gut-hornegg.at\/onlineshop\/wp-json\/wp\/v2\/product\/224","targetHints":{"allow":["GET"]}}],"collection":[{"href":"https:\/\/www.gut-hornegg.at\/onlineshop\/wp-json\/wp\/v2\/product"}],"about":[{"href":"https:\/\/www.gut-hornegg.at\/onlineshop\/wp-json\/wp\/v2\/types\/product"}],"wp:featuredmedia":[{"embeddable":true,"href":"https:\/\/www.gut-hornegg.at\/onlineshop\/wp-json\/wp\/v2\/media\/233"}],"wp:attachment":[{"href":"https:\/\/www.gut-hornegg.at\/onlineshop\/wp-json\/wp\/v2\/media?parent=224"}],"wp:term":[{"taxonomy":"product_brand","embeddable":true,"href":"https:\/\/www.gut-hornegg.at\/onlineshop\/wp-json\/wp\/v2\/product_brand?post=224"},{"taxonomy":"product_cat","embeddable":true,"href":"https:\/\/www.gut-hornegg.at\/onlineshop\/wp-json\/wp\/v2\/product_cat?post=224"},{"taxonomy":"product_tag","embeddable":true,"href":"https:\/\/www.gut-hornegg.at\/onlineshop\/wp-json\/wp\/v2\/product_tag?post=224"}],"curies":[{"name":"wp","href":"https:\/\/api.w.org\/{rel}","templated":true}]}}