{"id":225,"date":"2021-10-27T18:30:51","date_gmt":"2021-10-27T16:30:51","guid":{"rendered":"https:\/\/www.gut-hornegg.at\/onlineshop\/?post_type=product&#038;p=225"},"modified":"2026-01-25T13:36:51","modified_gmt":"2026-01-25T12:36:51","slug":"raeucheraufstrich-amur","status":"publish","type":"product","link":"https:\/\/www.gut-hornegg.at\/onlineshop\/produkt\/raeucheraufstrich-amur\/","title":{"rendered":"R\u00e4ucheraufstrich Amur"},"content":{"rendered":"<div id=\"fischdetail582\" class=\"card-section\">\n<p>Das Rezept zu dieser Pat\u00e9 haben wir von den Betreibern eines bodenst\u00e4ndigen Fischlokals auf der Insel Ulva bekommen. Der daf\u00fcr ben\u00f6tigte Senf wird speziell f\u00fcr uns vom <a href=\"https:\/\/www.lukashof.com\/\" target=\"_blank\" rel=\"noopener noreferrer\">Lukashof <\/a>gefertigt.<\/p>\n<p><strong>Tipp<\/strong>: Mit s\u00fc\u00df-s\u00e4uerlichen, geraspelten \u00c4pfeln oder Preiselbeere servieren.<br \/>\n<strong>Menge<\/strong>: 170 g<br \/>\n<strong>SAISON<\/strong>: November bis April<\/p>\n<hr \/>\n<p><small class=\"\">&gt;)))&gt; gr\u00e4tenfrei<\/small><br \/>\n<small class=\"\"> *** zum Frosten nicht geeignet<\/small><\/p>\n<p class=\"ingredients\"><strong>Amurfilet ger\u00e4uchert<\/strong> (50%), <span class=\"bold\">Sauerrahm<\/span>, <span class=\"bold\">Senf<\/span> (Wasser, Senfk\u00f6rner*, Branntweinessig*, Meersalz, Gew\u00fcrze*, Kr\u00e4uter*), Pfeffer, Salz \/ *=BIO<\/p>\n<\/div>\n","protected":false},"excerpt":{"rendered":"<p>Das Rezept zu dieser Pat\u00e9 haben wir von den Betreibern eines bodenst\u00e4ndigen Fischlokals auf der Insel Ulva bekommen. Der daf\u00fcr ben\u00f6tigte Senf wird speziell f\u00fcr uns vom Lukashof gefertigt. Tipp: Mit s\u00fc\u00df-s\u00e4uerlichen, geraspelten \u00c4pfeln oder Preiselbeere servieren. Menge: 170 g SAISON: November bis April &gt;)))&gt; gr\u00e4tenfrei *** zum Frosten nicht geeignet Amurfilet ger\u00e4uchert (50%), Sauerrahm, <a href=\"https:\/\/www.gut-hornegg.at\/onlineshop\/produkt\/raeucheraufstrich-amur\/\" class=\"read-more inline\" title=\"Read More\">Read More<\/a><\/p>\n","protected":false},"featured_media":232,"template":"","meta":[],"product_brand":[],"product_cat":[15],"product_tag":[60],"class_list":{"0":"post-225","1":"product","2":"type-product","3":"status-publish","4":"has-post-thumbnail","6":"product_cat-biofisch","7":"product_tag-amur","9":"first","10":"outofstock","11":"taxable","12":"shipping-taxable","13":"purchasable","14":"product-type-simple"},"_links":{"self":[{"href":"https:\/\/www.gut-hornegg.at\/onlineshop\/wp-json\/wp\/v2\/product\/225","targetHints":{"allow":["GET"]}}],"collection":[{"href":"https:\/\/www.gut-hornegg.at\/onlineshop\/wp-json\/wp\/v2\/product"}],"about":[{"href":"https:\/\/www.gut-hornegg.at\/onlineshop\/wp-json\/wp\/v2\/types\/product"}],"wp:featuredmedia":[{"embeddable":true,"href":"https:\/\/www.gut-hornegg.at\/onlineshop\/wp-json\/wp\/v2\/media\/232"}],"wp:attachment":[{"href":"https:\/\/www.gut-hornegg.at\/onlineshop\/wp-json\/wp\/v2\/media?parent=225"}],"wp:term":[{"taxonomy":"product_brand","embeddable":true,"href":"https:\/\/www.gut-hornegg.at\/onlineshop\/wp-json\/wp\/v2\/product_brand?post=225"},{"taxonomy":"product_cat","embeddable":true,"href":"https:\/\/www.gut-hornegg.at\/onlineshop\/wp-json\/wp\/v2\/product_cat?post=225"},{"taxonomy":"product_tag","embeddable":true,"href":"https:\/\/www.gut-hornegg.at\/onlineshop\/wp-json\/wp\/v2\/product_tag?post=225"}],"curies":[{"name":"wp","href":"https:\/\/api.w.org\/{rel}","templated":true}]}}