{"id":239,"date":"2021-10-27T18:22:26","date_gmt":"2021-10-27T16:22:26","guid":{"rendered":"https:\/\/www.gut-hornegg.at\/onlineshop\/?post_type=product&#038;p=239"},"modified":"2025-11-12T10:50:38","modified_gmt":"2025-11-12T09:50:38","slug":"zanderwangerl-raritaet","status":"publish","type":"product","link":"https:\/\/www.gut-hornegg.at\/onlineshop\/produkt\/zanderwangerl-raritaet\/","title":{"rendered":"Zanderwangerl &#8211; Rarit\u00e4t"},"content":{"rendered":"<p><strong>Biss und Geschmack<\/strong>: Wangen von zweis\u00f6mmrigen Zandern f\u00fcr exquisite Vorspeisen. K\u00f6stlich mit Safran oder mit Butter, Pfeffer und Kartoffelp\u00fcree. Im Biss wie Jakobsmuschel. Nicht zu lange garen!<br \/>\n<strong>Menge<\/strong>: Eine Packung enth\u00e4lt 12 Wangen \/ Gewicht abh\u00e4ngig vom Wuchs<br \/>\n<strong>SAISON<\/strong> : November bis J\u00e4nner<\/p>\n<hr \/>\n<p><small class=\"\">&gt;)))&gt; gr\u00e4tenfrei<\/small><br \/>\n<small class=\"\"> *** Wangerl k\u00f6nnen durchaus gefrostet werden &#8211; 3 Monate ohne Qualit\u00e4tsverlust haltbar.<\/small><\/p>\n","protected":false},"excerpt":{"rendered":"<p>Biss und Geschmack: Wangen von zweis\u00f6mmrigen Zandern f\u00fcr exquisite Vorspeisen. K\u00f6stlich mit Safran oder mit Butter, Pfeffer und Kartoffelp\u00fcree. Im Biss wie Jakobsmuschel. Nicht zu lange garen! Menge: Eine Packung enth\u00e4lt 12 Wangen \/ Gewicht abh\u00e4ngig vom Wuchs SAISON : November bis J\u00e4nner &gt;)))&gt; gr\u00e4tenfrei *** Wangerl k\u00f6nnen durchaus gefrostet werden &#8211; 3 Monate ohne <a href=\"https:\/\/www.gut-hornegg.at\/onlineshop\/produkt\/zanderwangerl-raritaet\/\" class=\"read-more inline\" title=\"Read More\">Read More<\/a><\/p>\n","protected":false},"featured_media":231,"template":"","meta":[],"product_brand":[],"product_cat":[15],"product_tag":[58],"class_list":{"0":"post-239","1":"product","2":"type-product","3":"status-publish","4":"has-post-thumbnail","6":"product_cat-biofisch","7":"product_tag-zander","9":"first","10":"outofstock","11":"taxable","12":"shipping-taxable","13":"purchasable","14":"product-type-simple"},"_links":{"self":[{"href":"https:\/\/www.gut-hornegg.at\/onlineshop\/wp-json\/wp\/v2\/product\/239","targetHints":{"allow":["GET"]}}],"collection":[{"href":"https:\/\/www.gut-hornegg.at\/onlineshop\/wp-json\/wp\/v2\/product"}],"about":[{"href":"https:\/\/www.gut-hornegg.at\/onlineshop\/wp-json\/wp\/v2\/types\/product"}],"wp:featuredmedia":[{"embeddable":true,"href":"https:\/\/www.gut-hornegg.at\/onlineshop\/wp-json\/wp\/v2\/media\/231"}],"wp:attachment":[{"href":"https:\/\/www.gut-hornegg.at\/onlineshop\/wp-json\/wp\/v2\/media?parent=239"}],"wp:term":[{"taxonomy":"product_brand","embeddable":true,"href":"https:\/\/www.gut-hornegg.at\/onlineshop\/wp-json\/wp\/v2\/product_brand?post=239"},{"taxonomy":"product_cat","embeddable":true,"href":"https:\/\/www.gut-hornegg.at\/onlineshop\/wp-json\/wp\/v2\/product_cat?post=239"},{"taxonomy":"product_tag","embeddable":true,"href":"https:\/\/www.gut-hornegg.at\/onlineshop\/wp-json\/wp\/v2\/product_tag?post=239"}],"curies":[{"name":"wp","href":"https:\/\/api.w.org\/{rel}","templated":true}]}}