{"id":240,"date":"2021-10-27T18:26:50","date_gmt":"2021-10-27T16:26:50","guid":{"rendered":"https:\/\/www.gut-hornegg.at\/onlineshop\/?post_type=product&#038;p=240"},"modified":"2025-04-10T20:46:13","modified_gmt":"2025-04-10T18:46:13","slug":"wels-kopf-od-karkasse","status":"publish","type":"product","link":"https:\/\/www.gut-hornegg.at\/onlineshop\/produkt\/wels-kopf-od-karkasse\/","title":{"rendered":"Welskopf <small>oder<\/small> -karkasse"},"content":{"rendered":"<div id=\"fischdetail1843\" class=\"card-section\">\n<p><strong>Tipp<\/strong>: Ein Fischfond aus Welskarkassen ist besonders geschmacksdicht und delikat.<br \/>\n<strong>Geschmack<\/strong>: Der heimische Wels hat ein wei\u00dfes, f\u00fclliges Fleisch und zur\u00fcckhaltende Fischaromen mit den Assoziationen von Rosenpaprika, Senf und Koriander.<br \/>\n<strong>Gr\u00f6\u00dfe<\/strong>: zwischen 50 und 100 cm lang<br \/>\n<strong>SAISON<\/strong>: Dezember bis Februar<\/p>\n<hr \/>\n<p><small class=\"\">&gt;)))&gt; besteht aus dem Gr\u00e4tengerippe des Fisches<\/small><br \/>\n<small class=\"\"> *** Vakuumiert sofort gefrostet: drei Monate ohne Qualit\u00e4tsverlust<\/small><\/p>\n<\/div>\n","protected":false},"excerpt":{"rendered":"<p>Tipp: Ein Fischfond aus Welskarkassen ist besonders geschmacksdicht und delikat. Geschmack: Der heimische Wels hat ein wei\u00dfes, f\u00fclliges Fleisch und zur\u00fcckhaltende Fischaromen mit den Assoziationen von Rosenpaprika, Senf und Koriander. Gr\u00f6\u00dfe: zwischen 50 und 100 cm lang SAISON: Dezember bis Februar &gt;)))&gt; besteht aus dem Gr\u00e4tengerippe des Fisches *** Vakuumiert sofort gefrostet: drei Monate ohne <a href=\"https:\/\/www.gut-hornegg.at\/onlineshop\/produkt\/wels-kopf-od-karkasse\/\" class=\"read-more inline\" title=\"Read More\">Read More<\/a><\/p>\n","protected":false},"featured_media":230,"template":"","meta":[],"product_brand":[],"product_cat":[15],"product_tag":[59],"class_list":{"0":"post-240","1":"product","2":"type-product","3":"status-publish","4":"has-post-thumbnail","6":"product_cat-biofisch","7":"product_tag-wels","9":"first","10":"outofstock","11":"taxable","12":"shipping-taxable","13":"purchasable","14":"product-type-simple"},"_links":{"self":[{"href":"https:\/\/www.gut-hornegg.at\/onlineshop\/wp-json\/wp\/v2\/product\/240","targetHints":{"allow":["GET"]}}],"collection":[{"href":"https:\/\/www.gut-hornegg.at\/onlineshop\/wp-json\/wp\/v2\/product"}],"about":[{"href":"https:\/\/www.gut-hornegg.at\/onlineshop\/wp-json\/wp\/v2\/types\/product"}],"wp:featuredmedia":[{"embeddable":true,"href":"https:\/\/www.gut-hornegg.at\/onlineshop\/wp-json\/wp\/v2\/media\/230"}],"wp:attachment":[{"href":"https:\/\/www.gut-hornegg.at\/onlineshop\/wp-json\/wp\/v2\/media?parent=240"}],"wp:term":[{"taxonomy":"product_brand","embeddable":true,"href":"https:\/\/www.gut-hornegg.at\/onlineshop\/wp-json\/wp\/v2\/product_brand?post=240"},{"taxonomy":"product_cat","embeddable":true,"href":"https:\/\/www.gut-hornegg.at\/onlineshop\/wp-json\/wp\/v2\/product_cat?post=240"},{"taxonomy":"product_tag","embeddable":true,"href":"https:\/\/www.gut-hornegg.at\/onlineshop\/wp-json\/wp\/v2\/product_tag?post=240"}],"curies":[{"name":"wp","href":"https:\/\/api.w.org\/{rel}","templated":true}]}}