{"id":268,"date":"2021-10-27T18:04:39","date_gmt":"2021-10-27T16:04:39","guid":{"rendered":"https:\/\/www.gut-hornegg.at\/onlineshop\/?post_type=product&#038;p=268"},"modified":"2026-01-25T13:37:34","modified_gmt":"2026-01-25T12:37:34","slug":"salzzitronen","status":"publish","type":"product","link":"https:\/\/www.gut-hornegg.at\/onlineshop\/produkt\/salzzitronen\/","title":{"rendered":"Salzzitronen"},"content":{"rendered":"<p>Salzzitronen sind ein wichtiger Bestandteil der marokkanischen K\u00fcche. F\u00fcr uns sind sie das einzig sinnvolle fertige Fischgew\u00fcrz. Im Gegensatz zu g\u00e4ngigen Fischw\u00fcrzen, die man im Handel erstehen kann, unterst\u00fctzt die Salzzitrone den Geschmack des Fisches und macht alle Aromen noch reicher.<br \/>\n<strong>Geschmack<\/strong>: Durch das Zusammenwirken von Salz und Zitrone entsteht ein v\u00f6llig neuer Geschmack, der eine unglaubliche Komplexit\u00e4t entwickelt. Die Salzzitronen schmecken frisch und nach einem Hauch von Bergamotte.<br \/>\n<strong>Menge<\/strong>: Glas mit 170 g<br \/>\n<strong>SAISON<\/strong>: Immer<\/p>\n<hr \/>\n<p>Das Produkt eignet sich auch hervorragend f\u00fcr das W\u00fcrzen von Braten aller Art und ebenso f\u00fcr Pastagerichte.<\/p>\n","protected":false},"excerpt":{"rendered":"<p>Salzzitronen sind ein wichtiger Bestandteil der marokkanischen K\u00fcche. F\u00fcr uns sind sie das einzig sinnvolle fertige Fischgew\u00fcrz. Im Gegensatz zu g\u00e4ngigen Fischw\u00fcrzen, die man im Handel erstehen kann, unterst\u00fctzt die Salzzitrone den Geschmack des Fisches und macht alle Aromen noch reicher. Geschmack: Durch das Zusammenwirken von Salz und Zitrone entsteht ein v\u00f6llig neuer Geschmack, der <a href=\"https:\/\/www.gut-hornegg.at\/onlineshop\/produkt\/salzzitronen\/\" class=\"read-more inline\" title=\"Read More\">Read More<\/a><\/p>\n","protected":false},"featured_media":229,"template":"","meta":[],"product_brand":[],"product_cat":[15],"product_tag":[55],"class_list":{"0":"post-268","1":"product","2":"type-product","3":"status-publish","4":"has-post-thumbnail","6":"product_cat-biofisch","7":"product_tag-salzzitrone","9":"first","10":"outofstock","11":"taxable","12":"shipping-taxable","13":"purchasable","14":"product-type-simple"},"_links":{"self":[{"href":"https:\/\/www.gut-hornegg.at\/onlineshop\/wp-json\/wp\/v2\/product\/268","targetHints":{"allow":["GET"]}}],"collection":[{"href":"https:\/\/www.gut-hornegg.at\/onlineshop\/wp-json\/wp\/v2\/product"}],"about":[{"href":"https:\/\/www.gut-hornegg.at\/onlineshop\/wp-json\/wp\/v2\/types\/product"}],"wp:featuredmedia":[{"embeddable":true,"href":"https:\/\/www.gut-hornegg.at\/onlineshop\/wp-json\/wp\/v2\/media\/229"}],"wp:attachment":[{"href":"https:\/\/www.gut-hornegg.at\/onlineshop\/wp-json\/wp\/v2\/media?parent=268"}],"wp:term":[{"taxonomy":"product_brand","embeddable":true,"href":"https:\/\/www.gut-hornegg.at\/onlineshop\/wp-json\/wp\/v2\/product_brand?post=268"},{"taxonomy":"product_cat","embeddable":true,"href":"https:\/\/www.gut-hornegg.at\/onlineshop\/wp-json\/wp\/v2\/product_cat?post=268"},{"taxonomy":"product_tag","embeddable":true,"href":"https:\/\/www.gut-hornegg.at\/onlineshop\/wp-json\/wp\/v2\/product_tag?post=268"}],"curies":[{"name":"wp","href":"https:\/\/api.w.org\/{rel}","templated":true}]}}