{"id":355,"date":"2021-10-29T15:46:26","date_gmt":"2021-10-29T13:46:26","guid":{"rendered":"https:\/\/www.gut-hornegg.at\/onlineshop\/?post_type=product&#038;p=355"},"modified":"2026-01-25T13:35:23","modified_gmt":"2026-01-25T12:35:23","slug":"karpfen-ausgenommen","status":"publish","type":"product","link":"https:\/\/www.gut-hornegg.at\/onlineshop\/produkt\/karpfen-ausgenommen\/","title":{"rendered":"Karpfen ausgenommen"},"content":{"rendered":"<p>1,2 &#8211; 2,5 kg \/ Fisch (auf dem Bild mit Gew\u00fcrzen gef\u00fcllt)<strong><br \/>\nBiss und Geschmack:<\/strong> Saftig und vollmundig im Biss. Fleischige, dichte Fischaromen mit den Assoziationen von Champignon, Schinken, Knoblauch und Salbei.<br \/>\n<strong>Gr\u00f6\u00dfe<\/strong>: Der ausgenommene Fisch wiegt 1,2 &#8211; 2,5 kg<br \/>\n<strong>SAISON<\/strong>: November bis April<\/p>\n<hr \/>\n<p><small class=\"\">&gt;)))&gt; D\u00fcnne, mittelgro\u00dfe Y-Gr\u00e4ten im Fleisch &#8211; durch Schr\u00f6pfen an der Hautseite k\u00f6nnen diese Gr\u00e4ten reduziert werden. Das Produkt nennt sich dann Festtagskarpfen.<\/small><br \/>\n<small class=\"\"> *** Vakuumiert sofort gefrostet: drei Monate ohne Qualit\u00e4tsverlust<\/small><\/p>\n<p>Und hier erfahren Sie, wie man den Karpfen richtig <a href=\"https:\/\/www.gut-hornegg.at\/biofisch\/karpfen-filetieren\/\">filetiert<\/a>.<\/p>\n","protected":false},"excerpt":{"rendered":"<p>1,2 &#8211; 2,5 kg \/ Fisch (auf dem Bild mit Gew\u00fcrzen gef\u00fcllt) Biss und Geschmack: Saftig und vollmundig im Biss. Fleischige, dichte Fischaromen mit den Assoziationen von Champignon, Schinken, Knoblauch und Salbei. Gr\u00f6\u00dfe: Der ausgenommene Fisch wiegt 1,2 &#8211; 2,5 kg SAISON: November bis April &gt;)))&gt; D\u00fcnne, mittelgro\u00dfe Y-Gr\u00e4ten im Fleisch &#8211; durch Schr\u00f6pfen an <a href=\"https:\/\/www.gut-hornegg.at\/onlineshop\/produkt\/karpfen-ausgenommen\/\" class=\"read-more inline\" title=\"Read More\">Read More<\/a><\/p>\n","protected":false},"featured_media":399,"template":"","meta":[],"product_brand":[],"product_cat":[15],"product_tag":[19],"class_list":{"0":"post-355","1":"product","2":"type-product","3":"status-publish","4":"has-post-thumbnail","6":"product_cat-biofisch","7":"product_tag-karpfen","9":"first","10":"outofstock","11":"taxable","12":"shipping-taxable","13":"purchasable","14":"product-type-variable"},"_links":{"self":[{"href":"https:\/\/www.gut-hornegg.at\/onlineshop\/wp-json\/wp\/v2\/product\/355","targetHints":{"allow":["GET"]}}],"collection":[{"href":"https:\/\/www.gut-hornegg.at\/onlineshop\/wp-json\/wp\/v2\/product"}],"about":[{"href":"https:\/\/www.gut-hornegg.at\/onlineshop\/wp-json\/wp\/v2\/types\/product"}],"wp:featuredmedia":[{"embeddable":true,"href":"https:\/\/www.gut-hornegg.at\/onlineshop\/wp-json\/wp\/v2\/media\/399"}],"wp:attachment":[{"href":"https:\/\/www.gut-hornegg.at\/onlineshop\/wp-json\/wp\/v2\/media?parent=355"}],"wp:term":[{"taxonomy":"product_brand","embeddable":true,"href":"https:\/\/www.gut-hornegg.at\/onlineshop\/wp-json\/wp\/v2\/product_brand?post=355"},{"taxonomy":"product_cat","embeddable":true,"href":"https:\/\/www.gut-hornegg.at\/onlineshop\/wp-json\/wp\/v2\/product_cat?post=355"},{"taxonomy":"product_tag","embeddable":true,"href":"https:\/\/www.gut-hornegg.at\/onlineshop\/wp-json\/wp\/v2\/product_tag?post=355"}],"curies":[{"name":"wp","href":"https:\/\/api.w.org\/{rel}","templated":true}]}}