{"id":365,"date":"2021-10-29T16:09:19","date_gmt":"2021-10-29T14:09:19","guid":{"rendered":"https:\/\/www.gut-hornegg.at\/onlineshop\/?post_type=product&#038;p=365"},"modified":"2026-01-25T13:35:00","modified_gmt":"2026-01-25T12:35:00","slug":"festtagskarpfen","status":"publish","type":"product","link":"https:\/\/www.gut-hornegg.at\/onlineshop\/produkt\/festtagskarpfen\/","title":{"rendered":"Festtagskarpfen"},"content":{"rendered":"<p>Von au\u00dfen geschr\u00f6pfter, ganzer Karpfen.<strong><br \/>\nBiss und Geschmack<\/strong>: Saftig und vollmundig im Biss. Fleischige, dichte Fischaromen mit den Assoziationen von Champignon, Schinken, Knoblauch und Salbei.<br \/>\n<strong>Gr\u00f6\u00dfe<\/strong>: Speisef\u00e4hige Karpfen haben eine Gr\u00f6\u00dfe von 1,2 &#8211; 2,5 kg<br \/>\n<strong>SAISON<\/strong>: November bis April<\/p>\n<hr \/>\n<p><small class=\"\">&gt;)))&gt; Durch Schr\u00f6pfen des Fisches Gr\u00e4ten im Fleisch nicht sp\u00fcrbar<\/small><br \/>\n<small class=\"\"> *** Vakuumiert sofort gefrostet: drei Monate ohne Qualit\u00e4tsverlust<\/small><\/p>\n","protected":false},"excerpt":{"rendered":"<p>Von au\u00dfen geschr\u00f6pfter, ganzer Karpfen. Biss und Geschmack: Saftig und vollmundig im Biss. Fleischige, dichte Fischaromen mit den Assoziationen von Champignon, Schinken, Knoblauch und Salbei. Gr\u00f6\u00dfe: Speisef\u00e4hige Karpfen haben eine Gr\u00f6\u00dfe von 1,2 &#8211; 2,5 kg SAISON: November bis April &gt;)))&gt; Durch Schr\u00f6pfen des Fisches Gr\u00e4ten im Fleisch nicht sp\u00fcrbar *** Vakuumiert sofort gefrostet: drei <a href=\"https:\/\/www.gut-hornegg.at\/onlineshop\/produkt\/festtagskarpfen\/\" class=\"read-more inline\" title=\"Read More\">Read More<\/a><\/p>\n","protected":false},"featured_media":395,"template":"","meta":[],"product_brand":[],"product_cat":[15],"product_tag":[19],"class_list":{"0":"post-365","1":"product","2":"type-product","3":"status-publish","4":"has-post-thumbnail","6":"product_cat-biofisch","7":"product_tag-karpfen","9":"first","10":"outofstock","11":"taxable","12":"shipping-taxable","13":"purchasable","14":"product-type-variable","15":"has-default-attributes"},"_links":{"self":[{"href":"https:\/\/www.gut-hornegg.at\/onlineshop\/wp-json\/wp\/v2\/product\/365","targetHints":{"allow":["GET"]}}],"collection":[{"href":"https:\/\/www.gut-hornegg.at\/onlineshop\/wp-json\/wp\/v2\/product"}],"about":[{"href":"https:\/\/www.gut-hornegg.at\/onlineshop\/wp-json\/wp\/v2\/types\/product"}],"wp:featuredmedia":[{"embeddable":true,"href":"https:\/\/www.gut-hornegg.at\/onlineshop\/wp-json\/wp\/v2\/media\/395"}],"wp:attachment":[{"href":"https:\/\/www.gut-hornegg.at\/onlineshop\/wp-json\/wp\/v2\/media?parent=365"}],"wp:term":[{"taxonomy":"product_brand","embeddable":true,"href":"https:\/\/www.gut-hornegg.at\/onlineshop\/wp-json\/wp\/v2\/product_brand?post=365"},{"taxonomy":"product_cat","embeddable":true,"href":"https:\/\/www.gut-hornegg.at\/onlineshop\/wp-json\/wp\/v2\/product_cat?post=365"},{"taxonomy":"product_tag","embeddable":true,"href":"https:\/\/www.gut-hornegg.at\/onlineshop\/wp-json\/wp\/v2\/product_tag?post=365"}],"curies":[{"name":"wp","href":"https:\/\/api.w.org\/{rel}","templated":true}]}}