{"id":371,"date":"2021-10-29T16:21:36","date_gmt":"2021-10-29T14:21:36","guid":{"rendered":"https:\/\/www.gut-hornegg.at\/onlineshop\/?post_type=product&#038;p=371"},"modified":"2026-01-25T13:34:48","modified_gmt":"2026-01-25T12:34:48","slug":"karpfenhufeisen","status":"publish","type":"product","link":"https:\/\/www.gut-hornegg.at\/onlineshop\/produkt\/karpfenhufeisen\/","title":{"rendered":"Karpfenhufeisen"},"content":{"rendered":"<p><strong>Biss und Geschmack:<\/strong> Saftig und vollmundig im Biss. Fleischige, dichte Fischaromen mit den Assoziationen von Champignon, Schinken, Knoblauch und Salbei.<br \/>\n<strong>Gr\u00f6\u00dfe<\/strong>: Wir schneiden die Hufeisen in einer Breite von ca 3 cm.<br \/>\n<strong>SAISON<\/strong>: November bis April<\/p>\n<hr \/>\n<p><small class=\"\">&gt;)))&gt; D\u00fcnne, mittelgro\u00dfe Y-Gr\u00e4ten im Fleisch<\/small><br \/>\n<small class=\"\"> *** Vakuumiert sofort gefrostet: drei Monate ohne Qualit\u00e4tsverlust &#8211; Achtung, die Wirbelknochen k\u00f6nnen den Vakuumsack durchstechen und das Vakuum geht verloren.<\/small><\/p>\n<hr \/>\n<p>Ein <a href=\"https:\/\/www.gut-hornegg.at\/biofisch\/kochrezepte\/karpfen-in-brioche-kruste-auf-selleriesalat\/\">Rezept<\/a> aus unserem Fischkochbuch als Anregung.<\/p>\n","protected":false},"excerpt":{"rendered":"<p>Biss und Geschmack: Saftig und vollmundig im Biss. Fleischige, dichte Fischaromen mit den Assoziationen von Champignon, Schinken, Knoblauch und Salbei. Gr\u00f6\u00dfe: Wir schneiden die Hufeisen in einer Breite von ca 3 cm. SAISON: November bis April &gt;)))&gt; D\u00fcnne, mittelgro\u00dfe Y-Gr\u00e4ten im Fleisch *** Vakuumiert sofort gefrostet: drei Monate ohne Qualit\u00e4tsverlust &#8211; Achtung, die Wirbelknochen k\u00f6nnen <a href=\"https:\/\/www.gut-hornegg.at\/onlineshop\/produkt\/karpfenhufeisen\/\" class=\"read-more inline\" title=\"Read More\">Read More<\/a><\/p>\n","protected":false},"featured_media":398,"template":"","meta":[],"product_brand":[],"product_cat":[15],"product_tag":[19],"class_list":{"0":"post-371","1":"product","2":"type-product","3":"status-publish","4":"has-post-thumbnail","6":"product_cat-biofisch","7":"product_tag-karpfen","9":"first","10":"outofstock","11":"taxable","12":"shipping-taxable","13":"purchasable","14":"product-type-variable"},"_links":{"self":[{"href":"https:\/\/www.gut-hornegg.at\/onlineshop\/wp-json\/wp\/v2\/product\/371","targetHints":{"allow":["GET"]}}],"collection":[{"href":"https:\/\/www.gut-hornegg.at\/onlineshop\/wp-json\/wp\/v2\/product"}],"about":[{"href":"https:\/\/www.gut-hornegg.at\/onlineshop\/wp-json\/wp\/v2\/types\/product"}],"wp:featuredmedia":[{"embeddable":true,"href":"https:\/\/www.gut-hornegg.at\/onlineshop\/wp-json\/wp\/v2\/media\/398"}],"wp:attachment":[{"href":"https:\/\/www.gut-hornegg.at\/onlineshop\/wp-json\/wp\/v2\/media?parent=371"}],"wp:term":[{"taxonomy":"product_brand","embeddable":true,"href":"https:\/\/www.gut-hornegg.at\/onlineshop\/wp-json\/wp\/v2\/product_brand?post=371"},{"taxonomy":"product_cat","embeddable":true,"href":"https:\/\/www.gut-hornegg.at\/onlineshop\/wp-json\/wp\/v2\/product_cat?post=371"},{"taxonomy":"product_tag","embeddable":true,"href":"https:\/\/www.gut-hornegg.at\/onlineshop\/wp-json\/wp\/v2\/product_tag?post=371"}],"curies":[{"name":"wp","href":"https:\/\/api.w.org\/{rel}","templated":true}]}}