{"id":400,"date":"2021-10-30T16:14:24","date_gmt":"2021-10-30T14:14:24","guid":{"rendered":"https:\/\/www.gut-hornegg.at\/onlineshop\/?post_type=product&#038;p=400"},"modified":"2026-01-25T13:34:10","modified_gmt":"2026-01-25T12:34:10","slug":"raeucherkarpfen","status":"publish","type":"product","link":"https:\/\/www.gut-hornegg.at\/onlineshop\/produkt\/raeucherkarpfen\/","title":{"rendered":"R\u00e4ucherkarpfen"},"content":{"rendered":"<p>Hei\u00df ger\u00e4uchertes Filet<br \/>\n<strong>Tipp<\/strong>: Im Ofen leicht w\u00e4rmen und mit Rahmkren servieren.<br \/>\n<strong>Menge<\/strong>: 150 &#8211; 250 g \/ Pack<br \/>\n<strong>SAISON<\/strong>: November bis April<\/p>\n<hr \/>\n<p><small class=\"\">&gt;)))&gt; geschr\u00f6pft, keine Gr\u00e4ten sp\u00fcrbar<\/small><\/p>\n<p>&nbsp;<\/p>\n","protected":false},"excerpt":{"rendered":"<p>Hei\u00df ger\u00e4uchertes Filet Tipp: Im Ofen leicht w\u00e4rmen und mit Rahmkren servieren. Menge: 150 &#8211; 250 g \/ Pack SAISON: November bis April &gt;)))&gt; geschr\u00f6pft, keine Gr\u00e4ten sp\u00fcrbar &nbsp;<\/p>\n","protected":false},"featured_media":397,"template":"","meta":[],"product_brand":[],"product_cat":[15],"product_tag":[19],"class_list":{"0":"post-400","1":"product","2":"type-product","3":"status-publish","4":"has-post-thumbnail","6":"product_cat-biofisch","7":"product_tag-karpfen","9":"first","10":"outofstock","11":"taxable","12":"shipping-taxable","13":"purchasable","14":"product-type-variable"},"_links":{"self":[{"href":"https:\/\/www.gut-hornegg.at\/onlineshop\/wp-json\/wp\/v2\/product\/400","targetHints":{"allow":["GET"]}}],"collection":[{"href":"https:\/\/www.gut-hornegg.at\/onlineshop\/wp-json\/wp\/v2\/product"}],"about":[{"href":"https:\/\/www.gut-hornegg.at\/onlineshop\/wp-json\/wp\/v2\/types\/product"}],"wp:featuredmedia":[{"embeddable":true,"href":"https:\/\/www.gut-hornegg.at\/onlineshop\/wp-json\/wp\/v2\/media\/397"}],"wp:attachment":[{"href":"https:\/\/www.gut-hornegg.at\/onlineshop\/wp-json\/wp\/v2\/media?parent=400"}],"wp:term":[{"taxonomy":"product_brand","embeddable":true,"href":"https:\/\/www.gut-hornegg.at\/onlineshop\/wp-json\/wp\/v2\/product_brand?post=400"},{"taxonomy":"product_cat","embeddable":true,"href":"https:\/\/www.gut-hornegg.at\/onlineshop\/wp-json\/wp\/v2\/product_cat?post=400"},{"taxonomy":"product_tag","embeddable":true,"href":"https:\/\/www.gut-hornegg.at\/onlineshop\/wp-json\/wp\/v2\/product_tag?post=400"}],"curies":[{"name":"wp","href":"https:\/\/api.w.org\/{rel}","templated":true}]}}