{"id":430,"date":"2021-10-30T16:43:54","date_gmt":"2021-10-30T14:43:54","guid":{"rendered":"https:\/\/www.gut-hornegg.at\/onlineshop\/?post_type=product&#038;p=430"},"modified":"2025-11-12T10:45:13","modified_gmt":"2025-11-12T09:45:13","slug":"zanderfilet","status":"publish","type":"product","link":"https:\/\/www.gut-hornegg.at\/onlineshop\/produkt\/zanderfilet\/","title":{"rendered":"Zanderfilet"},"content":{"rendered":"<p><strong>Biss und Geschmack<\/strong>: Mageres, zartes, dennoch bissfestes Fleisch mit klassischen, edlen Fischaromen und den Assoziationen von zartem Kartoffelp\u00fcree, Basilikum und Zitrone<br \/>\n<strong>Gr\u00f6\u00dfe<\/strong>: Zanderfilets haben eine Gr\u00f6\u00dfe zwischen 100 g und 300 g<br \/>\n<strong>SAISON<\/strong>: Dezember bis J\u00e4nner<\/p>\n<hr \/>\n<p><small class=\"\">&gt;)))&gt; Zanderfilet hat so gut wie keine Gr\u00e4ten<\/small><br \/>\n<small class=\"\"> *** vakuumiert sofort gefrostet: drei Monate ohne Qualit\u00e4tsverlust haltbar<\/small><\/p>\n<hr \/>\n<p>Ein <a href=\"https:\/\/www.gut-hornegg.at\/biofisch\/kochrezepte\/zanderfilet-in-zitronen-kapern-sauce\/\">Rezept<\/a> aus unserem Kochbuch als Anregung.<\/p>\n","protected":false},"excerpt":{"rendered":"<p>Biss und Geschmack: Mageres, zartes, dennoch bissfestes Fleisch mit klassischen, edlen Fischaromen und den Assoziationen von zartem Kartoffelp\u00fcree, Basilikum und Zitrone Gr\u00f6\u00dfe: Zanderfilets haben eine Gr\u00f6\u00dfe zwischen 100 g und 300 g SAISON: Dezember bis J\u00e4nner &gt;)))&gt; Zanderfilet hat so gut wie keine Gr\u00e4ten *** vakuumiert sofort gefrostet: drei Monate ohne Qualit\u00e4tsverlust haltbar Ein Rezept <a href=\"https:\/\/www.gut-hornegg.at\/onlineshop\/produkt\/zanderfilet\/\" class=\"read-more inline\" title=\"Read More\">Read More<\/a><\/p>\n","protected":false},"featured_media":465,"template":"","meta":[],"product_brand":[],"product_cat":[15],"product_tag":[58],"class_list":{"0":"post-430","1":"product","2":"type-product","3":"status-publish","4":"has-post-thumbnail","6":"product_cat-biofisch","7":"product_tag-zander","9":"first","10":"outofstock","11":"taxable","12":"shipping-taxable","13":"purchasable","14":"product-type-variable"},"_links":{"self":[{"href":"https:\/\/www.gut-hornegg.at\/onlineshop\/wp-json\/wp\/v2\/product\/430","targetHints":{"allow":["GET"]}}],"collection":[{"href":"https:\/\/www.gut-hornegg.at\/onlineshop\/wp-json\/wp\/v2\/product"}],"about":[{"href":"https:\/\/www.gut-hornegg.at\/onlineshop\/wp-json\/wp\/v2\/types\/product"}],"wp:featuredmedia":[{"embeddable":true,"href":"https:\/\/www.gut-hornegg.at\/onlineshop\/wp-json\/wp\/v2\/media\/465"}],"wp:attachment":[{"href":"https:\/\/www.gut-hornegg.at\/onlineshop\/wp-json\/wp\/v2\/media?parent=430"}],"wp:term":[{"taxonomy":"product_brand","embeddable":true,"href":"https:\/\/www.gut-hornegg.at\/onlineshop\/wp-json\/wp\/v2\/product_brand?post=430"},{"taxonomy":"product_cat","embeddable":true,"href":"https:\/\/www.gut-hornegg.at\/onlineshop\/wp-json\/wp\/v2\/product_cat?post=430"},{"taxonomy":"product_tag","embeddable":true,"href":"https:\/\/www.gut-hornegg.at\/onlineshop\/wp-json\/wp\/v2\/product_tag?post=430"}],"curies":[{"name":"wp","href":"https:\/\/api.w.org\/{rel}","templated":true}]}}