{"id":436,"date":"2021-10-30T16:53:24","date_gmt":"2021-10-30T14:53:24","guid":{"rendered":"https:\/\/www.gut-hornegg.at\/onlineshop\/?post_type=product&#038;p=436"},"modified":"2025-11-12T10:48:13","modified_gmt":"2025-11-12T09:48:13","slug":"zander-ausgenommen","status":"publish","type":"product","link":"https:\/\/www.gut-hornegg.at\/onlineshop\/produkt\/zander-ausgenommen\/","title":{"rendered":"Zander ausgenommen"},"content":{"rendered":"<p><strong>Biss und Geschmack<\/strong>: Mageres, zartes, dennoch bissfestes Fleisch mit klassischen, edlen Fischaromen und den Assoziationen von zartem Kartoffelp\u00fcree, Basilikum und Zitrone.<br \/>\n<strong>Gr\u00f6\u00dfe<\/strong>: Zander werden in einer Gr\u00f6\u00dfe zwischen 700 g und 1200 g gez\u00fcchtet<br \/>\n<strong>SAISON<\/strong>: Dezember bis J\u00e4nner<\/p>\n<hr \/>\n<p><small class=\"\">&gt;)))&gt; Zander haben\u00a0kaum Gr\u00e4ten im Fleisch, das man von den Rippen l\u00f6st. An den Flossenans\u00e4tzen sind Gr\u00e4ten sp\u00fcrbar.<\/small><br \/>\n<small class=\"\"> *** vakuumiert sofort gefrostet: drei Monate ohne Qualit\u00e4tsverlust haltbar<\/small><\/p>\n","protected":false},"excerpt":{"rendered":"<p>Biss und Geschmack: Mageres, zartes, dennoch bissfestes Fleisch mit klassischen, edlen Fischaromen und den Assoziationen von zartem Kartoffelp\u00fcree, Basilikum und Zitrone. Gr\u00f6\u00dfe: Zander werden in einer Gr\u00f6\u00dfe zwischen 700 g und 1200 g gez\u00fcchtet SAISON: Dezember bis J\u00e4nner &gt;)))&gt; Zander haben\u00a0kaum Gr\u00e4ten im Fleisch, das man von den Rippen l\u00f6st. An den Flossenans\u00e4tzen sind Gr\u00e4ten <a href=\"https:\/\/www.gut-hornegg.at\/onlineshop\/produkt\/zander-ausgenommen\/\" class=\"read-more inline\" title=\"Read More\">Read More<\/a><\/p>\n","protected":false},"featured_media":469,"template":"","meta":[],"product_brand":[],"product_cat":[15],"product_tag":[58],"class_list":{"0":"post-436","1":"product","2":"type-product","3":"status-publish","4":"has-post-thumbnail","6":"product_cat-biofisch","7":"product_tag-zander","9":"first","10":"outofstock","11":"taxable","12":"shipping-taxable","13":"purchasable","14":"product-type-variable"},"_links":{"self":[{"href":"https:\/\/www.gut-hornegg.at\/onlineshop\/wp-json\/wp\/v2\/product\/436","targetHints":{"allow":["GET"]}}],"collection":[{"href":"https:\/\/www.gut-hornegg.at\/onlineshop\/wp-json\/wp\/v2\/product"}],"about":[{"href":"https:\/\/www.gut-hornegg.at\/onlineshop\/wp-json\/wp\/v2\/types\/product"}],"wp:featuredmedia":[{"embeddable":true,"href":"https:\/\/www.gut-hornegg.at\/onlineshop\/wp-json\/wp\/v2\/media\/469"}],"wp:attachment":[{"href":"https:\/\/www.gut-hornegg.at\/onlineshop\/wp-json\/wp\/v2\/media?parent=436"}],"wp:term":[{"taxonomy":"product_brand","embeddable":true,"href":"https:\/\/www.gut-hornegg.at\/onlineshop\/wp-json\/wp\/v2\/product_brand?post=436"},{"taxonomy":"product_cat","embeddable":true,"href":"https:\/\/www.gut-hornegg.at\/onlineshop\/wp-json\/wp\/v2\/product_cat?post=436"},{"taxonomy":"product_tag","embeddable":true,"href":"https:\/\/www.gut-hornegg.at\/onlineshop\/wp-json\/wp\/v2\/product_tag?post=436"}],"curies":[{"name":"wp","href":"https:\/\/api.w.org\/{rel}","templated":true}]}}