{"id":447,"date":"2021-10-30T17:07:49","date_gmt":"2021-10-30T15:07:49","guid":{"rendered":"https:\/\/www.gut-hornegg.at\/onlineshop\/?post_type=product&#038;p=447"},"modified":"2026-01-06T12:02:28","modified_gmt":"2026-01-06T11:02:28","slug":"welsfilet","status":"publish","type":"product","link":"https:\/\/www.gut-hornegg.at\/onlineshop\/produkt\/welsfilet\/","title":{"rendered":"Welsfilet"},"content":{"rendered":"<p><strong>Biss und Geschmack<\/strong>: Der heimische Wels hat ein wei\u00dfes, f\u00fclliges Fleisch, und zur\u00fcckhaltende Fischaromen mit den Assoziationen von Rosenpaprika, Senf und Koriander.<br \/>\n<strong>Menge<\/strong>: Welsfilet wird in Gewichtsschritten von 200 g angeboten.<br \/>\n<strong>SAISON<\/strong>: Dezember bis Februar<\/p>\n<hr \/>\n<p><small class=\"\">&gt;)))&gt; Dieser Fisch hat keine Zwischenmuskelgr\u00e4ten. Das Filet ist daher gr\u00e4tenfrei.<\/small><br \/>\n<small class=\"\"> ***\u00a0\u00a0\u00a0 Vakuumiert und sofort gefrostet 3 Monate ohne Qualit\u00e4tsverlust. Wels sollte nur geh\u00e4utet gefrostet werden, da es beim Auftauen an der Haut zu starker Schleimbildung kommt.<br \/>\n<\/small><\/p>\n<hr \/>\n<p>Ein <a href=\"https:\/\/www.gut-hornegg.at\/biofisch\/kochrezepte\/gegrilltes-welssteak-mit-peperonata\/\">Rezept<\/a> aus unserem Fischkochbuch als Anregung<\/p>\n","protected":false},"excerpt":{"rendered":"<p>Biss und Geschmack: Der heimische Wels hat ein wei\u00dfes, f\u00fclliges Fleisch, und zur\u00fcckhaltende Fischaromen mit den Assoziationen von Rosenpaprika, Senf und Koriander. Menge: Welsfilet wird in Gewichtsschritten von 200 g angeboten. SAISON: Dezember bis Februar &gt;)))&gt; Dieser Fisch hat keine Zwischenmuskelgr\u00e4ten. Das Filet ist daher gr\u00e4tenfrei. ***\u00a0\u00a0\u00a0 Vakuumiert und sofort gefrostet 3 Monate ohne Qualit\u00e4tsverlust. <a href=\"https:\/\/www.gut-hornegg.at\/onlineshop\/produkt\/welsfilet\/\" class=\"read-more inline\" title=\"Read More\">Read More<\/a><\/p>\n","protected":false},"featured_media":467,"template":"","meta":[],"product_brand":[],"product_cat":[15],"product_tag":[59],"class_list":{"0":"post-447","1":"product","2":"type-product","3":"status-publish","4":"has-post-thumbnail","6":"product_cat-biofisch","7":"product_tag-wels","9":"first","10":"outofstock","11":"taxable","12":"shipping-taxable","13":"purchasable","14":"product-type-variable"},"_links":{"self":[{"href":"https:\/\/www.gut-hornegg.at\/onlineshop\/wp-json\/wp\/v2\/product\/447","targetHints":{"allow":["GET"]}}],"collection":[{"href":"https:\/\/www.gut-hornegg.at\/onlineshop\/wp-json\/wp\/v2\/product"}],"about":[{"href":"https:\/\/www.gut-hornegg.at\/onlineshop\/wp-json\/wp\/v2\/types\/product"}],"wp:featuredmedia":[{"embeddable":true,"href":"https:\/\/www.gut-hornegg.at\/onlineshop\/wp-json\/wp\/v2\/media\/467"}],"wp:attachment":[{"href":"https:\/\/www.gut-hornegg.at\/onlineshop\/wp-json\/wp\/v2\/media?parent=447"}],"wp:term":[{"taxonomy":"product_brand","embeddable":true,"href":"https:\/\/www.gut-hornegg.at\/onlineshop\/wp-json\/wp\/v2\/product_brand?post=447"},{"taxonomy":"product_cat","embeddable":true,"href":"https:\/\/www.gut-hornegg.at\/onlineshop\/wp-json\/wp\/v2\/product_cat?post=447"},{"taxonomy":"product_tag","embeddable":true,"href":"https:\/\/www.gut-hornegg.at\/onlineshop\/wp-json\/wp\/v2\/product_tag?post=447"}],"curies":[{"name":"wp","href":"https:\/\/api.w.org\/{rel}","templated":true}]}}