{"id":458,"date":"2021-10-30T17:15:04","date_gmt":"2021-10-30T15:15:04","guid":{"rendered":"https:\/\/www.gut-hornegg.at\/onlineshop\/?post_type=product&#038;p=458"},"modified":"2026-01-06T12:02:02","modified_gmt":"2026-01-06T11:02:02","slug":"wels-ausgenommen","status":"publish","type":"product","link":"https:\/\/www.gut-hornegg.at\/onlineshop\/produkt\/wels-ausgenommen\/","title":{"rendered":"Wels ausgenommen"},"content":{"rendered":"<p><strong>Biss und Geschmack<\/strong>: Der heimische Wels hat ein wei\u00dfes, f\u00fclliges Fleisch, und zur\u00fcckhaltende Fischaromen mit den Assoziationen von Rosenpaprika, Senf und Koriander.<br \/>\n<strong>Gr\u00f6\u00dfe<\/strong>: Ganze speisef\u00e4hige Welse wiegen zwischen 2 und 4 kg.<br \/>\n<strong>SAISON<\/strong>: Dezember bis Februar<\/p>\n<hr \/>\n<p><small class=\"\">&gt;)))&gt; Keine Gr\u00e4ten im Fleisch<\/small><br \/>\n<small class=\"\"> *** Vakuumiert sofort gefrostet: drei Monate ohne Qualit\u00e4tsverlust<\/small><\/p>\n","protected":false},"excerpt":{"rendered":"<p>Biss und Geschmack: Der heimische Wels hat ein wei\u00dfes, f\u00fclliges Fleisch, und zur\u00fcckhaltende Fischaromen mit den Assoziationen von Rosenpaprika, Senf und Koriander. Gr\u00f6\u00dfe: Ganze speisef\u00e4hige Welse wiegen zwischen 2 und 4 kg. SAISON: Dezember bis Februar &gt;)))&gt; Keine Gr\u00e4ten im Fleisch *** Vakuumiert sofort gefrostet: drei Monate ohne Qualit\u00e4tsverlust<\/p>\n","protected":false},"featured_media":468,"template":"","meta":[],"product_brand":[],"product_cat":[15],"product_tag":[59],"class_list":{"0":"post-458","1":"product","2":"type-product","3":"status-publish","4":"has-post-thumbnail","6":"product_cat-biofisch","7":"product_tag-wels","9":"first","10":"outofstock","11":"taxable","12":"shipping-taxable","13":"purchasable","14":"product-type-variable"},"_links":{"self":[{"href":"https:\/\/www.gut-hornegg.at\/onlineshop\/wp-json\/wp\/v2\/product\/458","targetHints":{"allow":["GET"]}}],"collection":[{"href":"https:\/\/www.gut-hornegg.at\/onlineshop\/wp-json\/wp\/v2\/product"}],"about":[{"href":"https:\/\/www.gut-hornegg.at\/onlineshop\/wp-json\/wp\/v2\/types\/product"}],"wp:featuredmedia":[{"embeddable":true,"href":"https:\/\/www.gut-hornegg.at\/onlineshop\/wp-json\/wp\/v2\/media\/468"}],"wp:attachment":[{"href":"https:\/\/www.gut-hornegg.at\/onlineshop\/wp-json\/wp\/v2\/media?parent=458"}],"wp:term":[{"taxonomy":"product_brand","embeddable":true,"href":"https:\/\/www.gut-hornegg.at\/onlineshop\/wp-json\/wp\/v2\/product_brand?post=458"},{"taxonomy":"product_cat","embeddable":true,"href":"https:\/\/www.gut-hornegg.at\/onlineshop\/wp-json\/wp\/v2\/product_cat?post=458"},{"taxonomy":"product_tag","embeddable":true,"href":"https:\/\/www.gut-hornegg.at\/onlineshop\/wp-json\/wp\/v2\/product_tag?post=458"}],"curies":[{"name":"wp","href":"https:\/\/api.w.org\/{rel}","templated":true}]}}