{"id":479,"date":"2021-10-30T17:54:59","date_gmt":"2021-10-30T15:54:59","guid":{"rendered":"https:\/\/www.gut-hornegg.at\/onlineshop\/?post_type=product&#038;p=479"},"modified":"2026-01-25T13:33:25","modified_gmt":"2026-01-25T12:33:25","slug":"hecht-ausgenommen","status":"publish","type":"product","link":"https:\/\/www.gut-hornegg.at\/onlineshop\/produkt\/hecht-ausgenommen\/","title":{"rendered":"Hecht ausgenommen"},"content":{"rendered":"<p><strong>Biss und Geschmack<\/strong>: Knackiger, glasiger Biss, der nachfedert. Besonders kr\u00e4ftige, kontrastwillige Fischaromen mit den Assoziationen von Fasan, Eierschwammerl, Wacholder und s\u00fc\u00dfem Rahm.<br \/>\n<strong>Gr\u00f6\u00dfe<\/strong>: 700 g &#8211; 2500 g<br \/>\n<strong>SAISON<\/strong>: Dezember bis Februar<\/p>\n<hr \/>\n<p><small class=\"\">&gt;)))&gt; Feine Gr\u00e4ten im Fleisch<\/small><br \/>\n<small class=\"\"> *** Vakuumiert sofort gefrostet: drei Monate ohne Qualit\u00e4tsverlust<\/small><\/p>\n","protected":false},"excerpt":{"rendered":"<p>Biss und Geschmack: Knackiger, glasiger Biss, der nachfedert. Besonders kr\u00e4ftige, kontrastwillige Fischaromen mit den Assoziationen von Fasan, Eierschwammerl, Wacholder und s\u00fc\u00dfem Rahm. Gr\u00f6\u00dfe: 700 g &#8211; 2500 g SAISON: Dezember bis Februar &gt;)))&gt; Feine Gr\u00e4ten im Fleisch *** Vakuumiert sofort gefrostet: drei Monate ohne Qualit\u00e4tsverlust<\/p>\n","protected":false},"featured_media":486,"template":"","meta":[],"product_brand":[],"product_cat":[15],"product_tag":[57],"class_list":{"0":"post-479","1":"product","2":"type-product","3":"status-publish","4":"has-post-thumbnail","6":"product_cat-biofisch","7":"product_tag-hecht","9":"first","10":"outofstock","11":"taxable","12":"shipping-taxable","13":"purchasable","14":"product-type-variable"},"_links":{"self":[{"href":"https:\/\/www.gut-hornegg.at\/onlineshop\/wp-json\/wp\/v2\/product\/479","targetHints":{"allow":["GET"]}}],"collection":[{"href":"https:\/\/www.gut-hornegg.at\/onlineshop\/wp-json\/wp\/v2\/product"}],"about":[{"href":"https:\/\/www.gut-hornegg.at\/onlineshop\/wp-json\/wp\/v2\/types\/product"}],"wp:featuredmedia":[{"embeddable":true,"href":"https:\/\/www.gut-hornegg.at\/onlineshop\/wp-json\/wp\/v2\/media\/486"}],"wp:attachment":[{"href":"https:\/\/www.gut-hornegg.at\/onlineshop\/wp-json\/wp\/v2\/media?parent=479"}],"wp:term":[{"taxonomy":"product_brand","embeddable":true,"href":"https:\/\/www.gut-hornegg.at\/onlineshop\/wp-json\/wp\/v2\/product_brand?post=479"},{"taxonomy":"product_cat","embeddable":true,"href":"https:\/\/www.gut-hornegg.at\/onlineshop\/wp-json\/wp\/v2\/product_cat?post=479"},{"taxonomy":"product_tag","embeddable":true,"href":"https:\/\/www.gut-hornegg.at\/onlineshop\/wp-json\/wp\/v2\/product_tag?post=479"}],"curies":[{"name":"wp","href":"https:\/\/api.w.org\/{rel}","templated":true}]}}