{"id":488,"date":"2021-10-30T18:40:59","date_gmt":"2021-10-30T16:40:59","guid":{"rendered":"https:\/\/www.gut-hornegg.at\/onlineshop\/?post_type=product&#038;p=488"},"modified":"2026-01-25T13:33:11","modified_gmt":"2026-01-25T12:33:11","slug":"hechtleber-raritaet","status":"publish","type":"product","link":"https:\/\/www.gut-hornegg.at\/onlineshop\/produkt\/hechtleber-raritaet\/","title":{"rendered":"Hechtleber \u2013 Rarit\u00e4t"},"content":{"rendered":"<p><strong>Tipp<\/strong>: Pfeffern, in Oliven\u00f6l braten, mit Senfsauce servieren. Daf\u00fcr zerl\u00e4sst man unter R\u00fchren Butter und scharfen Senf in einem Topf.<br \/>\n<strong>Menge<\/strong>: Hechtleber wird in Einheiten von ca 100 g verpackt.<br \/>\n<strong>SAISON<\/strong>: Dezember bis Februar<\/p>\n<hr \/>\n<p><small class=\"\">&gt;)))&gt; gr\u00e4tenfrei<\/small><br \/>\n<small class=\"\"> *** zum Frosten nicht geeignet<\/small><\/p>\n<hr \/>\n<p>Ein <a href=\"https:\/\/www.gut-hornegg.at\/biofisch\/kochrezepte\/hechtleber-auf-apfel-chutney\/\">Rezept<\/a> aus unserem Fischkochbuch als Anregung<\/p>\n","protected":false},"excerpt":{"rendered":"<p>Tipp: Pfeffern, in Oliven\u00f6l braten, mit Senfsauce servieren. Daf\u00fcr zerl\u00e4sst man unter R\u00fchren Butter und scharfen Senf in einem Topf. Menge: Hechtleber wird in Einheiten von ca 100 g verpackt. SAISON: Dezember bis Februar &gt;)))&gt; gr\u00e4tenfrei *** zum Frosten nicht geeignet Ein Rezept aus unserem Fischkochbuch als Anregung<\/p>\n","protected":false},"featured_media":549,"template":"","meta":[],"product_brand":[],"product_cat":[15],"product_tag":[57],"class_list":{"0":"post-488","1":"product","2":"type-product","3":"status-publish","4":"has-post-thumbnail","6":"product_cat-biofisch","7":"product_tag-hecht","9":"first","10":"outofstock","11":"taxable","12":"shipping-taxable","13":"purchasable","14":"product-type-variable"},"_links":{"self":[{"href":"https:\/\/www.gut-hornegg.at\/onlineshop\/wp-json\/wp\/v2\/product\/488","targetHints":{"allow":["GET"]}}],"collection":[{"href":"https:\/\/www.gut-hornegg.at\/onlineshop\/wp-json\/wp\/v2\/product"}],"about":[{"href":"https:\/\/www.gut-hornegg.at\/onlineshop\/wp-json\/wp\/v2\/types\/product"}],"wp:featuredmedia":[{"embeddable":true,"href":"https:\/\/www.gut-hornegg.at\/onlineshop\/wp-json\/wp\/v2\/media\/549"}],"wp:attachment":[{"href":"https:\/\/www.gut-hornegg.at\/onlineshop\/wp-json\/wp\/v2\/media?parent=488"}],"wp:term":[{"taxonomy":"product_brand","embeddable":true,"href":"https:\/\/www.gut-hornegg.at\/onlineshop\/wp-json\/wp\/v2\/product_brand?post=488"},{"taxonomy":"product_cat","embeddable":true,"href":"https:\/\/www.gut-hornegg.at\/onlineshop\/wp-json\/wp\/v2\/product_cat?post=488"},{"taxonomy":"product_tag","embeddable":true,"href":"https:\/\/www.gut-hornegg.at\/onlineshop\/wp-json\/wp\/v2\/product_tag?post=488"}],"curies":[{"name":"wp","href":"https:\/\/api.w.org\/{rel}","templated":true}]}}