{"id":492,"date":"2021-10-30T18:47:42","date_gmt":"2021-10-30T16:47:42","guid":{"rendered":"https:\/\/www.gut-hornegg.at\/onlineshop\/?post_type=product&#038;p=492"},"modified":"2024-11-20T08:14:58","modified_gmt":"2024-11-20T07:14:58","slug":"flussbarsch-ausgenommen","status":"publish","type":"product","link":"https:\/\/www.gut-hornegg.at\/onlineshop\/produkt\/flussbarsch-ausgenommen\/","title":{"rendered":"Flussbarsch ausgenommen"},"content":{"rendered":"<p>Auch als Egli bekannt.<strong><br \/>\nBiss und Geschmack<\/strong>: Extrem festes Fleisch mit glattem Biss. Klassische, ausgewogene Fischaromen mit den Assoziationen von brauner Butter, milder Polenta und gelbem Paprika.<br \/>\n<strong>Gr\u00f6\u00dfe<\/strong>: Der Flussbarsch w\u00e4chst sehr langsam. Er wird von uns in Gr\u00f6\u00dfen zwischen 150 g und 300 g geliefert.<br \/>\n<strong>SAISON<\/strong>: Dezember, J\u00e4nner<\/p>\n<hr \/>\n<p><small class=\"\">&gt;)))&gt; Flussbarsche haben keine Gr\u00e4ten im Fleisch, das von den Rippengr\u00e4ten abgehoben wird. An den Flossenans\u00e4tzen sind Gr\u00e4ten sp\u00fcrbar.<\/small><br \/>\n<small class=\"\"> *** Vakuumiert sofort gefrostet: drei Monate ohne Qualit\u00e4tsverlust<\/small><\/p>\n<hr \/>\n<p>Ein <a href=\"https:\/\/www.gut-hornegg.at\/biofisch\/kochrezepte\/flussbarsch-in-curry-auf-glaciertem-wurzelgemuese\/\">Rezept<\/a> aus unserem Kochbuch als Anregung.<\/p>\n","protected":false},"excerpt":{"rendered":"<p>Auch als Egli bekannt. Biss und Geschmack: Extrem festes Fleisch mit glattem Biss. Klassische, ausgewogene Fischaromen mit den Assoziationen von brauner Butter, milder Polenta und gelbem Paprika. Gr\u00f6\u00dfe: Der Flussbarsch w\u00e4chst sehr langsam. Er wird von uns in Gr\u00f6\u00dfen zwischen 150 g und 300 g geliefert. SAISON: Dezember, J\u00e4nner &gt;)))&gt; Flussbarsche haben keine Gr\u00e4ten im <a href=\"https:\/\/www.gut-hornegg.at\/onlineshop\/produkt\/flussbarsch-ausgenommen\/\" class=\"read-more inline\" title=\"Read More\">Read More<\/a><\/p>\n","protected":false},"featured_media":502,"template":"","meta":[],"product_brand":[],"product_cat":[15],"product_tag":[70],"class_list":{"0":"post-492","1":"product","2":"type-product","3":"status-publish","4":"has-post-thumbnail","6":"product_cat-biofisch","7":"product_tag-flussbarsch","9":"first","10":"outofstock","11":"taxable","12":"shipping-taxable","13":"purchasable","14":"product-type-variable"},"_links":{"self":[{"href":"https:\/\/www.gut-hornegg.at\/onlineshop\/wp-json\/wp\/v2\/product\/492","targetHints":{"allow":["GET"]}}],"collection":[{"href":"https:\/\/www.gut-hornegg.at\/onlineshop\/wp-json\/wp\/v2\/product"}],"about":[{"href":"https:\/\/www.gut-hornegg.at\/onlineshop\/wp-json\/wp\/v2\/types\/product"}],"wp:featuredmedia":[{"embeddable":true,"href":"https:\/\/www.gut-hornegg.at\/onlineshop\/wp-json\/wp\/v2\/media\/502"}],"wp:attachment":[{"href":"https:\/\/www.gut-hornegg.at\/onlineshop\/wp-json\/wp\/v2\/media?parent=492"}],"wp:term":[{"taxonomy":"product_brand","embeddable":true,"href":"https:\/\/www.gut-hornegg.at\/onlineshop\/wp-json\/wp\/v2\/product_brand?post=492"},{"taxonomy":"product_cat","embeddable":true,"href":"https:\/\/www.gut-hornegg.at\/onlineshop\/wp-json\/wp\/v2\/product_cat?post=492"},{"taxonomy":"product_tag","embeddable":true,"href":"https:\/\/www.gut-hornegg.at\/onlineshop\/wp-json\/wp\/v2\/product_tag?post=492"}],"curies":[{"name":"wp","href":"https:\/\/api.w.org\/{rel}","templated":true}]}}