{"id":503,"date":"2021-10-31T00:37:01","date_gmt":"2021-10-30T22:37:01","guid":{"rendered":"https:\/\/www.gut-hornegg.at\/onlineshop\/?post_type=product&#038;p=503"},"modified":"2025-11-12T11:01:33","modified_gmt":"2025-11-12T10:01:33","slug":"brachse-ausgenommen","status":"publish","type":"product","link":"https:\/\/www.gut-hornegg.at\/onlineshop\/produkt\/brachse-ausgenommen\/","title":{"rendered":"Brachse ausgenommen"},"content":{"rendered":"<p><strong>Biss und Geschmack<\/strong>: Trockenes Fleisch, das beim Braten zugfest wird. Rauchige, w\u00fcrzige Fischaromen mit den Assoziationen von klarem Meerwasser, Salz und Oliven.<br \/>\n<strong>Gr\u00f6\u00dfe<\/strong>: Der ausgenommene Fisch wiegt 200 &#8211; 800g.<br \/>\n<strong>SAISON<\/strong>: November bis Februar<\/p>\n<hr \/>\n<p><small class=\"\">&gt;)))&gt; Durch Schr\u00f6pfen Gr\u00e4ten im Fleisch nicht sp\u00fcrbar<\/small><br \/>\n<small class=\"\"> *** Vakuumiert sofort gefrostet: drei Monate ohne Qualit\u00e4tsverlust<\/small><\/p>\n<hr \/>\n<p>Ein <a href=\"https:\/\/www.gut-hornegg.at\/biofisch\/kochrezepte\/brachse-in-folie-gegart\/\">Rezept<\/a> aus unserem Kochbuch als Anregung.<\/p>\n<hr \/>\n","protected":false},"excerpt":{"rendered":"<p>Biss und Geschmack: Trockenes Fleisch, das beim Braten zugfest wird. Rauchige, w\u00fcrzige Fischaromen mit den Assoziationen von klarem Meerwasser, Salz und Oliven. Gr\u00f6\u00dfe: Der ausgenommene Fisch wiegt 200 &#8211; 800g. SAISON: November bis Februar &gt;)))&gt; Durch Schr\u00f6pfen Gr\u00e4ten im Fleisch nicht sp\u00fcrbar *** Vakuumiert sofort gefrostet: drei Monate ohne Qualit\u00e4tsverlust Ein Rezept aus unserem Kochbuch <a href=\"https:\/\/www.gut-hornegg.at\/onlineshop\/produkt\/brachse-ausgenommen\/\" class=\"read-more inline\" title=\"Read More\">Read More<\/a><\/p>\n","protected":false},"featured_media":504,"template":"","meta":[],"product_brand":[],"product_cat":[15],"product_tag":[71],"class_list":{"0":"post-503","1":"product","2":"type-product","3":"status-publish","4":"has-post-thumbnail","6":"product_cat-biofisch","7":"product_tag-brachse","9":"first","10":"outofstock","11":"taxable","12":"shipping-taxable","13":"purchasable","14":"product-type-variable"},"_links":{"self":[{"href":"https:\/\/www.gut-hornegg.at\/onlineshop\/wp-json\/wp\/v2\/product\/503","targetHints":{"allow":["GET"]}}],"collection":[{"href":"https:\/\/www.gut-hornegg.at\/onlineshop\/wp-json\/wp\/v2\/product"}],"about":[{"href":"https:\/\/www.gut-hornegg.at\/onlineshop\/wp-json\/wp\/v2\/types\/product"}],"wp:featuredmedia":[{"embeddable":true,"href":"https:\/\/www.gut-hornegg.at\/onlineshop\/wp-json\/wp\/v2\/media\/504"}],"wp:attachment":[{"href":"https:\/\/www.gut-hornegg.at\/onlineshop\/wp-json\/wp\/v2\/media?parent=503"}],"wp:term":[{"taxonomy":"product_brand","embeddable":true,"href":"https:\/\/www.gut-hornegg.at\/onlineshop\/wp-json\/wp\/v2\/product_brand?post=503"},{"taxonomy":"product_cat","embeddable":true,"href":"https:\/\/www.gut-hornegg.at\/onlineshop\/wp-json\/wp\/v2\/product_cat?post=503"},{"taxonomy":"product_tag","embeddable":true,"href":"https:\/\/www.gut-hornegg.at\/onlineshop\/wp-json\/wp\/v2\/product_tag?post=503"}],"curies":[{"name":"wp","href":"https:\/\/api.w.org\/{rel}","templated":true}]}}