{"id":526,"date":"2021-10-31T00:58:38","date_gmt":"2021-10-30T22:58:38","guid":{"rendered":"https:\/\/www.gut-hornegg.at\/onlineshop\/?post_type=product&#038;p=526"},"modified":"2025-11-12T11:09:17","modified_gmt":"2025-11-12T10:09:17","slug":"schleie-ausgenommen","status":"publish","type":"product","link":"https:\/\/www.gut-hornegg.at\/onlineshop\/produkt\/schleie-ausgenommen\/","title":{"rendered":"Schleie ausgenommen"},"content":{"rendered":"<p><strong>Biss und Geschmack<\/strong>: M\u00fcrbes, samtiges Fleisch mit d\u00fcnner Haut, die kross wird und besonders schmackhaft ist. Klassische, zarte Fischaromen mit den Assoziationen von R\u00f6stbrot, Petersilie und wei\u00dfer Zwiebel.<br \/>\n<strong>Gr\u00f6\u00dfe<\/strong>: Ausgenommene Schleien sind zwischen 200 g und 400 g schwer<br \/>\n<strong>SAISON:<\/strong> Dezember bis Februar<\/p>\n<hr \/>\n<p><small class=\"\">&gt;)))&gt; Schleien haben sehr feine Zwischenmuskelgr\u00e4ten im Fleisch.<\/small><br \/>\n<small class=\"\"> *** Vakuumiert sofort gefrostet: drei Monate ohne Qualit\u00e4tsverlust<\/small><\/p>\n","protected":false},"excerpt":{"rendered":"<p>Biss und Geschmack: M\u00fcrbes, samtiges Fleisch mit d\u00fcnner Haut, die kross wird und besonders schmackhaft ist. Klassische, zarte Fischaromen mit den Assoziationen von R\u00f6stbrot, Petersilie und wei\u00dfer Zwiebel. Gr\u00f6\u00dfe: Ausgenommene Schleien sind zwischen 200 g und 400 g schwer SAISON: Dezember bis Februar &gt;)))&gt; Schleien haben sehr feine Zwischenmuskelgr\u00e4ten im Fleisch. *** Vakuumiert sofort gefrostet: <a href=\"https:\/\/www.gut-hornegg.at\/onlineshop\/produkt\/schleie-ausgenommen\/\" class=\"read-more inline\" title=\"Read More\">Read More<\/a><\/p>\n","protected":false},"featured_media":527,"template":"","meta":[],"product_brand":[],"product_cat":[15],"product_tag":[72],"class_list":{"0":"post-526","1":"product","2":"type-product","3":"status-publish","4":"has-post-thumbnail","6":"product_cat-biofisch","7":"product_tag-schleie","9":"first","10":"outofstock","11":"taxable","12":"shipping-taxable","13":"purchasable","14":"product-type-variable","15":"has-default-attributes"},"_links":{"self":[{"href":"https:\/\/www.gut-hornegg.at\/onlineshop\/wp-json\/wp\/v2\/product\/526","targetHints":{"allow":["GET"]}}],"collection":[{"href":"https:\/\/www.gut-hornegg.at\/onlineshop\/wp-json\/wp\/v2\/product"}],"about":[{"href":"https:\/\/www.gut-hornegg.at\/onlineshop\/wp-json\/wp\/v2\/types\/product"}],"wp:featuredmedia":[{"embeddable":true,"href":"https:\/\/www.gut-hornegg.at\/onlineshop\/wp-json\/wp\/v2\/media\/527"}],"wp:attachment":[{"href":"https:\/\/www.gut-hornegg.at\/onlineshop\/wp-json\/wp\/v2\/media?parent=526"}],"wp:term":[{"taxonomy":"product_brand","embeddable":true,"href":"https:\/\/www.gut-hornegg.at\/onlineshop\/wp-json\/wp\/v2\/product_brand?post=526"},{"taxonomy":"product_cat","embeddable":true,"href":"https:\/\/www.gut-hornegg.at\/onlineshop\/wp-json\/wp\/v2\/product_cat?post=526"},{"taxonomy":"product_tag","embeddable":true,"href":"https:\/\/www.gut-hornegg.at\/onlineshop\/wp-json\/wp\/v2\/product_tag?post=526"}],"curies":[{"name":"wp","href":"https:\/\/api.w.org\/{rel}","templated":true}]}}