{"id":537,"date":"2021-10-31T01:09:55","date_gmt":"2021-10-30T23:09:55","guid":{"rendered":"https:\/\/www.gut-hornegg.at\/onlineshop\/?post_type=product&#038;p=537"},"modified":"2024-11-20T08:13:58","modified_gmt":"2024-11-20T07:13:58","slug":"rotfeder-ausgenommen","status":"publish","type":"product","link":"https:\/\/www.gut-hornegg.at\/onlineshop\/produkt\/rotfeder-ausgenommen\/","title":{"rendered":"Rotfeder ausgenommen"},"content":{"rendered":"<p><strong>Biss und Geschmack<\/strong>: M\u00fcrbes, samtiges, sehr trockenes Fleisch mit d\u00fcnner Haut. Klassische, zarte Fischaromen mit den Assoziationen von brauner Butter, Petersilie und Zitrone. Die roten Federn sind gen\u00fcsslich zu knabbern und bleiben beim Garen intensiv rot.<br \/>\n<strong>Gr\u00f6\u00dfe<\/strong>: 100 g bis 300 g<br \/>\n<strong>SAISON<\/strong>: November bis Februar<\/p>\n<hr \/>\n<p><small class=\"\">&gt;)))&gt; Rotfedern werden geschr\u00f6pft geliefert. Dadurch sind die Gr\u00e4ten im Fleisch nicht mehr sp\u00fcrbar.<\/small><br \/>\n<small class=\"\"> *** Vakuumiert sofort gefrostet: drei Monate ohne Qualit\u00e4tsverlust \/ ohne Vakuum 1 Monat<\/small><\/p>\n","protected":false},"excerpt":{"rendered":"<p>Biss und Geschmack: M\u00fcrbes, samtiges, sehr trockenes Fleisch mit d\u00fcnner Haut. Klassische, zarte Fischaromen mit den Assoziationen von brauner Butter, Petersilie und Zitrone. Die roten Federn sind gen\u00fcsslich zu knabbern und bleiben beim Garen intensiv rot. Gr\u00f6\u00dfe: 100 g bis 300 g SAISON: November bis Februar &gt;)))&gt; Rotfedern werden geschr\u00f6pft geliefert. Dadurch sind die Gr\u00e4ten <a href=\"https:\/\/www.gut-hornegg.at\/onlineshop\/produkt\/rotfeder-ausgenommen\/\" class=\"read-more inline\" title=\"Read More\">Read More<\/a><\/p>\n","protected":false},"featured_media":538,"template":"","meta":[],"product_brand":[],"product_cat":[15],"product_tag":[73],"class_list":{"0":"post-537","1":"product","2":"type-product","3":"status-publish","4":"has-post-thumbnail","6":"product_cat-biofisch","7":"product_tag-rotfeder","9":"first","10":"outofstock","11":"taxable","12":"shipping-taxable","13":"purchasable","14":"product-type-variable"},"_links":{"self":[{"href":"https:\/\/www.gut-hornegg.at\/onlineshop\/wp-json\/wp\/v2\/product\/537","targetHints":{"allow":["GET"]}}],"collection":[{"href":"https:\/\/www.gut-hornegg.at\/onlineshop\/wp-json\/wp\/v2\/product"}],"about":[{"href":"https:\/\/www.gut-hornegg.at\/onlineshop\/wp-json\/wp\/v2\/types\/product"}],"wp:featuredmedia":[{"embeddable":true,"href":"https:\/\/www.gut-hornegg.at\/onlineshop\/wp-json\/wp\/v2\/media\/538"}],"wp:attachment":[{"href":"https:\/\/www.gut-hornegg.at\/onlineshop\/wp-json\/wp\/v2\/media?parent=537"}],"wp:term":[{"taxonomy":"product_brand","embeddable":true,"href":"https:\/\/www.gut-hornegg.at\/onlineshop\/wp-json\/wp\/v2\/product_brand?post=537"},{"taxonomy":"product_cat","embeddable":true,"href":"https:\/\/www.gut-hornegg.at\/onlineshop\/wp-json\/wp\/v2\/product_cat?post=537"},{"taxonomy":"product_tag","embeddable":true,"href":"https:\/\/www.gut-hornegg.at\/onlineshop\/wp-json\/wp\/v2\/product_tag?post=537"}],"curies":[{"name":"wp","href":"https:\/\/api.w.org\/{rel}","templated":true}]}}