{"id":699,"date":"2023-01-27T12:56:25","date_gmt":"2023-01-27T11:56:25","guid":{"rendered":"https:\/\/www.gut-hornegg.at\/onlineshop\/?post_type=product&#038;p=699"},"modified":"2025-12-29T08:56:19","modified_gmt":"2025-12-29T07:56:19","slug":"welsbackerl-raritaet","status":"publish","type":"product","link":"https:\/\/www.gut-hornegg.at\/onlineshop\/produkt\/welsbackerl-raritaet\/","title":{"rendered":"Welsbackerl &#8211; Rarit\u00e4t"},"content":{"rendered":"<p><strong>Biss und Geschmack<\/strong>: Der heimische Wels hat ein wei\u00dfes, f\u00fclliges Fleisch, und zur\u00fcckhaltende Fischaromen mit den Assoziationen von Rosenpaprika, Senf und Koriander.<br \/>\n<strong>Menge<\/strong>: Welsbackerl werden in Verpackungseinheiten von 150 g angeboten.<br \/>\n<strong>SAISON<\/strong>: Dezember bis Februar<\/p>\n<hr \/>\n<p><small class=\"\">&gt;)))&gt; Dieser Fisch hat keine Zwischenmuskelgr\u00e4ten. Das Filet ist daher gr\u00e4tenfrei.<\/small><br \/>\n<small class=\"\"> ***\u00a0\u00a0\u00a0 Vakuumiert und sofort gefrostet 3 Monate ohne Qualit\u00e4tsverlust. Wels sollte nur geh\u00e4utet gefrostet werden, da es beim Auftauen an der Haut zu starker Schleimbildung kommt.<\/small><\/p>\n","protected":false},"excerpt":{"rendered":"<p>150g pro Packung<\/p>\n","protected":false},"featured_media":700,"template":"","meta":[],"product_brand":[],"product_cat":[15],"product_tag":[59],"class_list":{"0":"post-699","1":"product","2":"type-product","3":"status-publish","4":"has-post-thumbnail","6":"product_cat-biofisch","7":"product_tag-wels","9":"first","10":"outofstock","11":"taxable","12":"shipping-taxable","13":"purchasable","14":"product-type-simple"},"_links":{"self":[{"href":"https:\/\/www.gut-hornegg.at\/onlineshop\/wp-json\/wp\/v2\/product\/699","targetHints":{"allow":["GET"]}}],"collection":[{"href":"https:\/\/www.gut-hornegg.at\/onlineshop\/wp-json\/wp\/v2\/product"}],"about":[{"href":"https:\/\/www.gut-hornegg.at\/onlineshop\/wp-json\/wp\/v2\/types\/product"}],"wp:featuredmedia":[{"embeddable":true,"href":"https:\/\/www.gut-hornegg.at\/onlineshop\/wp-json\/wp\/v2\/media\/700"}],"wp:attachment":[{"href":"https:\/\/www.gut-hornegg.at\/onlineshop\/wp-json\/wp\/v2\/media?parent=699"}],"wp:term":[{"taxonomy":"product_brand","embeddable":true,"href":"https:\/\/www.gut-hornegg.at\/onlineshop\/wp-json\/wp\/v2\/product_brand?post=699"},{"taxonomy":"product_cat","embeddable":true,"href":"https:\/\/www.gut-hornegg.at\/onlineshop\/wp-json\/wp\/v2\/product_cat?post=699"},{"taxonomy":"product_tag","embeddable":true,"href":"https:\/\/www.gut-hornegg.at\/onlineshop\/wp-json\/wp\/v2\/product_tag?post=699"}],"curies":[{"name":"wp","href":"https:\/\/api.w.org\/{rel}","templated":true}]}}